{"id":29739,"date":"2023-09-17T16:44:39","date_gmt":"2023-09-17T16:44:39","guid":{"rendered":"https:\/\/tokyograndtours.com\/?post_type=product&#038;p=29739"},"modified":"2026-02-25T14:10:20","modified_gmt":"2026-02-25T14:10:20","slug":"fuji-y-lake-kawaguchi-gira-por-grupos-recogida-en-hotel-personalizable-copy","status":"publish","type":"product","link":"https:\/\/tokyograndtours.com\/es\/producto\/fuji-y-lake-kawaguchi-gira-por-grupos-recogida-en-hotel-personalizable-copy\/","title":{"rendered":"Fuji y Lake Kawaguchi Gira por grupos (Recogida en hotel) Personalizable (Copy)"},"content":{"rendered":"<div class=\"section\" data-tab=\"TABS_OVERVIEW\">\n<div id=\"taplc_attraction_product_detail_overview_section_0\" class=\"ppr_rup ppr_priv_attraction_product_detail_overview_section\" data-placement-name=\"attraction_product_detail_overview_section\">\n<div class=\"overview_section_wrapper\" data-language=\"en\" data-partner=\"cjJzX1ZpYXRvcl96QWo=\" data-product-code=\"TAP|cVpvXzg4MTY1UDJfdWl4\" data-should-fetch=\"\" data-section-key=\"overview\">\n<div style=\"text-align: center;\"><span style=\"text-decoration: underline;\"><strong>Itinerario de la excursi\u00f3n al Fuji<\/strong><\/span><\/div>\n<div style=\"text-align: center;\"><\/div>\n<div class=\"subsection tap_content \" style=\"text-align: center;\"><strong>Rel\u00e1jese y haga las cosas a su ritmo con esta excursi\u00f3n con ch\u00f3fer a la zona de Fuji. Le recogeremos en cualquier hotel o lugar de Tokio 23 y empezar\u00e1 el d\u00eda con un c\u00f3modo viaje hasta Fuji. Primera parada en el maravilloso lago Kawaguchi, un lugar sereno perfecto para contemplar el monte Fuji. Disfrute de un almuerzo en uno de los numerosos y deliciosos lugares de comida tradicional de la zona antes de continuar hacia el hermoso lago Ashi. El recorrido durar\u00eda entre 7 y 10 horas, dependiendo del tr\u00e1fico y del ritmo que desee marcar. Este itinerario es totalmente personalizable en funci\u00f3n de sus necesidades.<\/strong><\/div>\n<\/div>\n<div style=\"text-align: center;\">\n<p><strong>Disfrute de una <a style=\"color: black;\" href=\"https:\/\/tokyograndtours.com\/es\/producto\/fuji-y-lake-kawaguchi-tour-per-group-recogida-en-hotel-personalizable\/\">excursi\u00f3n al Fuji<\/a> con ch\u00f3fer y totalmente personalizada, con toda comodidad y a su propio ritmo.<\/strong><\/p>\n<p style=\"text-align: center;\"><em><span style=\"text-decoration: underline;\"><strong>Hora de inicio entre las 07:45 y las 08:30 horas<\/strong><\/span><\/em><\/p>\n<p style=\"text-align: center;\"><strong>Recogida en cualquier hotel o lugar dentro de Tokio 23 barrios (Por favor, a\u00f1ada el nombre del hotel y la direcci\u00f3n)<\/strong><\/p>\n<p style=\"text-align: center;\"><strong>Comience el relajante viaje desde Tokio hasta la zona de Fuji<\/strong><\/p>\n<p style=\"text-align: center;\"><em><span style=\"text-decoration: underline;\"><strong>Lago Kawaguchi<\/strong><\/span><\/em><\/p>\n<p style=\"text-align: center;\"><strong>El lago Kawaguchi, cerca del monte Fuji, es famoso por sus impresionantes vistas de la emblem\u00e1tica monta\u00f1a.<\/strong><\/p>\n<p style=\"text-align: center;\"><em><span style=\"text-decoration: underline;\"><strong>Almuerzo (No incluido. 1000-1500jpy por persona) Aprox 10USD<\/strong><\/span><\/em><\/p>\n<p style=\"text-align: center;\"><strong>Almuerzo en Houtou Foudou, conocido por su plato estrella, el &#8220;Houtou&#8221;, que es una abundante y deliciosa sopa de fideos hecha con fideos de trigo planos y anchos y un caldo a base de miso. <\/strong><\/p>\n<p><em><span style=\"text-decoration: underline;\"><strong>Crucero pirata por el lago Ashi (No incluido. 1000-1800jpy por persona) Aprox 12USD<\/strong><\/span><\/em><\/p>\n<p><strong>Crucero panor\u00e1mico por el lago Ashi. Impresionantes vistas del monte Fuji y de los pintorescos alrededores, incluida la emblem\u00e1tica puerta torii del santuario de Hakone, a orillas del agua.<\/strong><\/p>\n<div>\n<p><span style=\"text-decoration: underline;\"><em><strong>Telef\u00e9rico a la zona volc\u00e1nica de Owakudani (No incluido. 1500jpy por persona) Aprox 10USD<\/strong><\/em><\/span><\/p>\n<p><strong>Owakudani, un valle volc\u00e1nico conocido por sus fuentes termales, respiraderos de azufre y vistas panor\u00e1micas del monte Fuji. <\/strong><\/p>\n<\/div>\n<\/div>\n<div style=\"text-align: center;\">\n<p><em><span style=\"text-decoration: underline;\"><strong>Relajante viaje de vuelta a Tokio<\/strong><\/span><\/em><\/p>\n<p><span style=\"text-decoration: underline;\"><strong>De 8 a 10 horas de duraci\u00f3n en funci\u00f3n del tr\u00e1fico y del ritmo que desee marcar<\/strong><\/span><\/p>\n<p><span style=\"text-decoration: underline;\"><strong>El itinerario es totalmente personalizable en funci\u00f3n de sus necesidades<\/strong><\/span><\/p>\n<\/div>\n<\/div>\n<\/div>\n<div class=\"section\" style=\"text-align: center;\" data-tab=\"TABS_WHAT_TO_EXPECT\"><\/div>\n","protected":false},"excerpt":{"rendered":"<div class=\"flex-1 overflow-hidden\">\n<div class=\"react-scroll-to-bottom--css-wjwgz-79elbk h-full\">\n<div class=\"react-scroll-to-bottom--css-wjwgz-1n7m0yu\">\n<div class=\"flex flex-col pb-9 text-sm\">\n<div class=\"w-full text-token-text-primary\" data-testid=\"conversation-turn-47\">\n<div class=\"px-4 py-2 justify-center text-base md:gap-6 m-auto\">\n<div class=\"flex flex-1 text-base mx-auto gap-3 md:px-5 lg:px-1 xl:px-5 md:max-w-3xl lg:max-w-[40rem] xl:max-w-[48rem] group final-completion\">\n<div class=\"relative flex w-full flex-col lg:w-[calc(100%-115px)] agent-turn\">\n<div class=\"flex-col gap-1 md:gap-3\">\n<div class=\"flex flex-grow flex-col max-w-full\">\n<div class=\"min-h-[20px] text-message flex flex-col items-start gap-3 whitespace-pre-wrap break-words [.text-message+&amp;]:mt-5 overflow-x-auto\" data-message-author-role=\"assistant\" data-message-id=\"e9d087d1-61af-4766-bb93-102db5641268\">\n<div class=\"markdown prose w-full break-words dark:prose-invert light\">\n<p style=\"text-align: center;\"><span style=\"text-decoration: underline;\"><strong>Itinerario de la excursi\u00f3n al Fuji<\/strong><\/span><\/p>\n<p style=\"text-align: center;\"><strong>Explore la belleza del Monte Fuji a su propio ritmo con nuestra Excursi\u00f3n al Fuji con ch\u00f3fer. Ofrecemos un c\u00f3modo servicio de recogida en cualquier hotel o lugar de los 23 distritos de Tokio. Comience el d\u00eda con un c\u00f3modo trayecto en coche hasta la zona de Fuji, donde visitar\u00e1 primero el impresionante lago Kawaguchi, conocido por sus impresionantes vistas del monte Fuji. Disfrute de un delicioso almuerzo en Houtou Foudou, famoso por su abundante sopa de fideos.<\/strong><\/p>\n<p style=\"text-align: center;\"><strong>A continuaci\u00f3n, emb\u00e1rquese en un pintoresco crucero pirata por el lago Ashi para contemplar los pintorescos alrededores y la emblem\u00e1tica puerta torii del santuario de Hakone a orillas del agua. Tambi\u00e9n puede tomar un telef\u00e9rico hasta la zona volc\u00e1nica de Owakudani, conocida por sus fuentes termales, respiraderos de azufre y vistas panor\u00e1micas del monte Fuji.<\/strong><\/p>\n<p style=\"text-align: center;\"><strong>La duraci\u00f3n del recorrido oscila entre 8 y 10 horas, dependiendo del tr\u00e1fico y de su ritmo preferido. Este itinerario es totalmente personalizable para adaptarse a sus necesidades, garantiz\u00e1ndole una exploraci\u00f3n c\u00f3moda y memorable de la regi\u00f3n de Fuji.<\/strong><\/p>\n<\/div>\n<\/div>\n<\/div>\n<\/div>\n<\/div>\n<\/div>\n<\/div>\n<\/div>\n<\/div>\n<\/div>\n<\/div>\n<\/div>\n","protected":false},"featured_media":29747,"template":"","meta":[],"product_brand":[],"product_cat":[201],"product_tag":[],"class_list":{"0":"post-29739","1":"product","2":"type-product","3":"status-publish","4":"has-post-thumbnail","6":"product_cat-visitas","8":"first","9":"instock","10":"virtual","11":"purchasable","12":"product-type-simple"},"yoast_head":"<!-- This site is optimized with the Yoast SEO Premium plugin v24.9 (Yoast SEO v27.2) - https:\/\/yoast.com\/product\/yoast-seo-premium-wordpress\/ -->\n<title>Excursi\u00f3n al Monte Fuji y Lago Kawaguchi | Excursi\u00f3n privada de 1 d\u00eda al Monte Fuji<\/title>\n<meta name=\"description\" content=\"Explore la belleza del Monte Fuji con nuestro paquete tur\u00edstico privado MT Fuji y Lago Kawaguchi. Reserve ahora para embarcarse en una experiencia inolvidable en el monte Fuji.\" \/>\n<meta name=\"robots\" content=\"index, follow, max-snippet:-1, max-image-preview:large, max-video-preview:-1\" \/>\n<link rel=\"canonical\" href=\"https:\/\/tokyograndtours.com\/es\/producto\/fuji-y-lake-kawaguchi-gira-por-grupos-recogida-en-hotel-personalizable-copy\/\" \/>\n<meta property=\"og:locale\" content=\"es_ES\" \/>\n<meta property=\"og:type\" content=\"article\" \/>\n<meta property=\"og:title\" content=\"Fuji y Lake Kawaguchi Gira por grupos (Recogida en hotel) Personalizable (Copy)\" \/>\n<meta property=\"og:description\" content=\"Explore la belleza del Monte Fuji con nuestro paquete tur\u00edstico privado MT Fuji y Lago Kawaguchi. Reserve ahora para embarcarse en una experiencia inolvidable en el monte Fuji.\" \/>\n<meta property=\"og:url\" content=\"https:\/\/tokyograndtours.com\/es\/producto\/fuji-y-lake-kawaguchi-gira-por-grupos-recogida-en-hotel-personalizable-copy\/\" \/>\n<meta property=\"og:site_name\" content=\"Tokyo Grand Tours\" \/>\n<meta property=\"article:publisher\" content=\"https:\/\/www.facebook.com\/TokyoGrandTours\" \/>\n<meta property=\"article:modified_time\" content=\"2026-02-25T14:10:20+00:00\" \/>\n<meta property=\"og:image\" content=\"https:\/\/tokyograndtours.com\/wp-content\/uploads\/2026\/02\/WhatsApp-Image-2026-02-25-at-5.20.06-PM.jpeg\" \/>\n\t<meta property=\"og:image:width\" content=\"2048\" \/>\n\t<meta property=\"og:image:height\" content=\"1535\" \/>\n\t<meta property=\"og:image:type\" content=\"image\/jpeg\" \/>\n<meta name=\"twitter:card\" content=\"summary_large_image\" \/>\n<meta name=\"twitter:label1\" content=\"Tiempo de lectura\" \/>\n\t<meta name=\"twitter:data1\" content=\"2 minutos\" \/>\n<!-- \/ Yoast SEO Premium plugin. -->","yoast_head_json":{"title":"Excursi\u00f3n al Monte Fuji y Lago Kawaguchi | Excursi\u00f3n privada de 1 d\u00eda al Monte Fuji","description":"Explore la belleza del Monte Fuji con nuestro paquete tur\u00edstico privado MT Fuji y Lago Kawaguchi. Reserve ahora para embarcarse en una experiencia inolvidable en el monte Fuji.","robots":{"index":"index","follow":"follow","max-snippet":"max-snippet:-1","max-image-preview":"max-image-preview:large","max-video-preview":"max-video-preview:-1"},"canonical":"https:\/\/tokyograndtours.com\/es\/producto\/fuji-y-lake-kawaguchi-gira-por-grupos-recogida-en-hotel-personalizable-copy\/","og_locale":"es_ES","og_type":"article","og_title":"Fuji y Lake Kawaguchi Gira por grupos (Recogida en hotel) Personalizable (Copy)","og_description":"Explore la belleza del Monte Fuji con nuestro paquete tur\u00edstico privado MT Fuji y Lago Kawaguchi. Reserve ahora para embarcarse en una experiencia inolvidable en el monte Fuji.","og_url":"https:\/\/tokyograndtours.com\/es\/producto\/fuji-y-lake-kawaguchi-gira-por-grupos-recogida-en-hotel-personalizable-copy\/","og_site_name":"Tokyo Grand Tours","article_publisher":"https:\/\/www.facebook.com\/TokyoGrandTours","article_modified_time":"2026-02-25T14:10:20+00:00","og_image":[{"width":2048,"height":1535,"url":"https:\/\/tokyograndtours.com\/wp-content\/uploads\/2026\/02\/WhatsApp-Image-2026-02-25-at-5.20.06-PM.jpeg","type":"image\/jpeg"}],"twitter_card":"summary_large_image","twitter_misc":{"Tiempo de lectura":"2 minutos"},"schema":{"@context":"https:\/\/schema.org","@graph":[{"@type":"WebPage","@id":"https:\/\/tokyograndtours.com\/es\/producto\/fuji-y-lake-kawaguchi-gira-por-grupos-recogida-en-hotel-personalizable-copy\/","url":"https:\/\/tokyograndtours.com\/es\/producto\/fuji-y-lake-kawaguchi-gira-por-grupos-recogida-en-hotel-personalizable-copy\/","name":"Excursi\u00f3n al Monte Fuji y Lago Kawaguchi | Excursi\u00f3n privada de 1 d\u00eda al Monte Fuji","isPartOf":{"@id":"https:\/\/tokyograndtours.com\/#website"},"primaryImageOfPage":{"@id":"https:\/\/tokyograndtours.com\/es\/producto\/fuji-y-lake-kawaguchi-gira-por-grupos-recogida-en-hotel-personalizable-copy\/#primaryimage"},"image":{"@id":"https:\/\/tokyograndtours.com\/es\/producto\/fuji-y-lake-kawaguchi-gira-por-grupos-recogida-en-hotel-personalizable-copy\/#primaryimage"},"thumbnailUrl":"https:\/\/tokyograndtours.com\/wp-content\/uploads\/2026\/02\/WhatsApp-Image-2026-02-25-at-5.20.06-PM.jpeg","datePublished":"2023-09-17T16:44:39+00:00","dateModified":"2026-02-25T14:10:20+00:00","description":"Explore la belleza del Monte Fuji con nuestro paquete tur\u00edstico privado MT Fuji y Lago Kawaguchi. Reserve ahora para embarcarse en una experiencia inolvidable en el monte Fuji.","breadcrumb":{"@id":"https:\/\/tokyograndtours.com\/es\/producto\/fuji-y-lake-kawaguchi-gira-por-grupos-recogida-en-hotel-personalizable-copy\/#breadcrumb"},"inLanguage":"es","potentialAction":[{"@type":"ReadAction","target":["https:\/\/tokyograndtours.com\/es\/producto\/fuji-y-lake-kawaguchi-gira-por-grupos-recogida-en-hotel-personalizable-copy\/"]}]},{"@type":"ImageObject","inLanguage":"es","@id":"https:\/\/tokyograndtours.com\/es\/producto\/fuji-y-lake-kawaguchi-gira-por-grupos-recogida-en-hotel-personalizable-copy\/#primaryimage","url":"https:\/\/tokyograndtours.com\/wp-content\/uploads\/2026\/02\/WhatsApp-Image-2026-02-25-at-5.20.06-PM.jpeg","contentUrl":"https:\/\/tokyograndtours.com\/wp-content\/uploads\/2026\/02\/WhatsApp-Image-2026-02-25-at-5.20.06-PM.jpeg","width":2048,"height":1535},{"@type":"BreadcrumbList","@id":"https:\/\/tokyograndtours.com\/es\/producto\/fuji-y-lake-kawaguchi-gira-por-grupos-recogida-en-hotel-personalizable-copy\/#breadcrumb","itemListElement":[{"@type":"ListItem","position":1,"name":"Home","item":"https:\/\/tokyograndtours.com\/es\/"},{"@type":"ListItem","position":2,"name":"Fuji y Lake Kawaguchi Gira por grupos (Recogida en hotel) Personalizable (Copy)"}]},{"@type":"WebSite","@id":"https:\/\/tokyograndtours.com\/#website","url":"https:\/\/tokyograndtours.com\/","name":"Tokyo Grand Tours","description":"Best Tokyo Tours | sightseeing tokyo","publisher":{"@id":"https:\/\/tokyograndtours.com\/#organization"},"potentialAction":[{"@type":"SearchAction","target":{"@type":"EntryPoint","urlTemplate":"https:\/\/tokyograndtours.com\/?s={search_term_string}"},"query-input":{"@type":"PropertyValueSpecification","valueRequired":true,"valueName":"search_term_string"}}],"inLanguage":"es"},{"@type":"Organization","@id":"https:\/\/tokyograndtours.com\/#organization","name":"Tokyo Grand Tours","url":"https:\/\/tokyograndtours.com\/","logo":{"@type":"ImageObject","inLanguage":"es","@id":"https:\/\/tokyograndtours.com\/#\/schema\/logo\/image\/","url":"https:\/\/tokyograndtours.com\/wp-content\/uploads\/2017\/08\/logo.png","contentUrl":"https:\/\/tokyograndtours.com\/wp-content\/uploads\/2017\/08\/logo.png","width":376,"height":232,"caption":"Tokyo Grand Tours"},"image":{"@id":"https:\/\/tokyograndtours.com\/#\/schema\/logo\/image\/"},"sameAs":["https:\/\/www.facebook.com\/TokyoGrandTours","https:\/\/www.instagram.com\/tokyograndtours"]}]}},"_links":{"self":[{"href":"https:\/\/tokyograndtours.com\/es\/wp-json\/wp\/v2\/product\/29739","targetHints":{"allow":["GET"]}}],"collection":[{"href":"https:\/\/tokyograndtours.com\/es\/wp-json\/wp\/v2\/product"}],"about":[{"href":"https:\/\/tokyograndtours.com\/es\/wp-json\/wp\/v2\/types\/product"}],"wp:featuredmedia":[{"embeddable":true,"href":"https:\/\/tokyograndtours.com\/es\/wp-json\/wp\/v2\/media\/29747"}],"wp:attachment":[{"href":"https:\/\/tokyograndtours.com\/es\/wp-json\/wp\/v2\/media?parent=29739"}],"wp:term":[{"taxonomy":"product_brand","embeddable":true,"href":"https:\/\/tokyograndtours.com\/es\/wp-json\/wp\/v2\/product_brand?post=29739"},{"taxonomy":"product_cat","embeddable":true,"href":"https:\/\/tokyograndtours.com\/es\/wp-json\/wp\/v2\/product_cat?post=29739"},{"taxonomy":"product_tag","embeddable":true,"href":"https:\/\/tokyograndtours.com\/es\/wp-json\/wp\/v2\/product_tag?post=29739"}],"curies":[{"name":"wp","href":"https:\/\/api.w.org\/{rel}","templated":true}]}}