{"id":28996,"date":"2023-09-17T15:25:43","date_gmt":"2023-09-17T15:25:43","guid":{"rendered":"https:\/\/tokyograndtours.com\/product\/excursion-de-1-dia-a-tokio-por-grupos-recogida-en-el-hotel\/"},"modified":"2025-12-21T05:54:05","modified_gmt":"2025-12-21T05:54:05","slug":"excursion-de-1-dia-a-tokio-por-grupos-recogida-en-el-hotel","status":"publish","type":"product","link":"https:\/\/tokyograndtours.com\/es\/producto\/excursion-de-1-dia-a-tokio-por-grupos-recogida-en-el-hotel\/","title":{"rendered":"Excursi\u00f3n de 1 d\u00eda a Tokio por grupos (recogida en el hotel)"},"content":{"rendered":"<blockquote>\n<p style=\"text-align: center;\"><span style=\"text-decoration: underline;\"><em><strong>Itinerario por Tokio<\/strong><\/em><\/span><\/p>\n<\/blockquote>\n<p style=\"text-align: center;\"><strong>7-9 horas de duraci\u00f3n &#8211; Totalmente personalizable<\/strong><\/p>\n<p class=\"font_9\" style=\"text-align: center;\"><strong>Recogida en su hotel en Tokio (Por favor, a\u00f1ada el nombre y la direcci\u00f3n de su hotel)<\/strong><\/p>\n<p style=\"text-align: center;\"><em><span style=\"text-decoration: underline;\"><strong>Templo Sensoji<\/strong><\/span><\/em><\/p>\n<p style=\"text-align: center;\"><strong>El templo m\u00e1s antiguo de Tokio, situado en Asakusa, conocida por su emblem\u00e1tica Puerta del Trueno y la bulliciosa calle comercial Nakamise.<\/strong><\/p>\n<p style=\"text-align: center;\"><em><span style=\"text-decoration: underline;\"><strong>Calle Nakamise<\/strong><\/span><\/em><\/p>\n<p style=\"text-align: center;\"><strong> Una hist\u00f3rica calle comercial que conduce al templo Sensoji y ofrece recuerdos tradicionales japoneses, aperitivos y comida callejera.<\/strong><\/p>\n<p style=\"text-align: center;\"><em><span style=\"text-decoration: underline;\"><strong>El Tokyo Skytree:<\/strong><\/span><\/em><\/p>\n<p style=\"text-align: center;\"><strong> Torre emblem\u00e1tica de Sumida que ofrece impresionantes vistas panor\u00e1micas de Tokio desde sus miradores y alberga diversas atracciones y tiendas.<\/strong><\/p>\n<p style=\"text-align: center;\"><em><span style=\"text-decoration: underline;\"><strong>Mercado de pescado de Tsukiji (Antiguo mercado exterior)<\/strong><\/span><\/em><\/p>\n<p style=\"text-align: center;\"><strong> Antigua ubicaci\u00f3n del mercado de pescado de Tsukiji, conocido por sus puestos de marisco fresco, restaurantes de sushi y delicias culinarias.<\/strong><\/p>\n<p style=\"text-align: center;\"><em><span style=\"text-decoration: underline;\"><strong>Santuario Meiji Jingu<\/strong><\/span><\/em><\/p>\n<p style=\"text-align: center;\"><strong> Un tranquilo santuario sinto\u00edsta situado en Shibuya, dedicado al emperador Meiji y a la emperatriz Shoken, rodeado de una exuberante zona boscosa.<\/strong><\/p>\n<p style=\"text-align: center;\"><em><span style=\"text-decoration: underline;\"><strong>Calle Harajuku Takeshita<\/strong><\/span><\/em><\/p>\n<p style=\"text-align: center;\"><strong> Una vibrante y colorida calle comercial de Harajuku, conocida por sus boutiques de moda, su comida callejera y sus extravagantes tiendas.<\/strong><\/p>\n<p style=\"text-align: center;\"><em><span style=\"text-decoration: underline;\"><strong>Cruce de Shibuya<\/strong><\/span><\/em><\/p>\n<p style=\"text-align: center;\"><strong> El mundialmente famoso paso de peatones de Shibuya, donde miles de personas cruzan simult\u00e1neamente en una de las intersecciones m\u00e1s concurridas de Tokio, creando un ic\u00f3nico espect\u00e1culo urbano.<\/strong><\/p>\n<p style=\"text-align: center;\"><strong> <\/strong><strong>(Tenga en cuenta que se trata de una <a style=\"color: black;\" href=\"https:\/\/tokyograndtours.com\/es\/\">excursi\u00f3n con ch\u00f3fer<\/a> y que toda la informaci\u00f3n relevante sobre cada lugar de inter\u00e9s se le dar\u00e1 mientras est\u00e9 en el veh\u00edculo entre los destinos, por lo que podr\u00e1 pasar el tiempo all\u00ed a su aire).<\/strong><\/p>\n","protected":false},"excerpt":{"rendered":"<p style=\"text-align: center;\"><strong>Explore lo m\u00e1s destacado de Tokio en 7-9 horas. Le recogeremos en su hotel de Tokio y visitaremos el templo Sensoji, la calle Nakamise, la Tokyo Skytree, el mercado de pescado de Tsukiji (antiguo mercado exterior), el santuario Meiji Jingu, la calle Takeshita de Harajuku y el cruce de Shibuya. Disfrute de la comodidad de un viaje con ch\u00f3fer que le proporcionar\u00e1 informaci\u00f3n mientras viaja entre destinos.<\/strong><\/p>\n","protected":false},"featured_media":28997,"template":"","meta":[],"product_brand":[],"product_cat":[201],"product_tag":[],"class_list":{"0":"post-28996","1":"product","2":"type-product","3":"status-publish","4":"has-post-thumbnail","6":"product_cat-visitas","8":"first","9":"instock","10":"virtual","11":"purchasable","12":"product-type-simple"},"yoast_head":"<!-- This site is optimized with the Yoast SEO Premium plugin v24.9 (Yoast SEO v27.2) - https:\/\/yoast.com\/product\/yoast-seo-premium-wordpress\/ -->\n<title>Excursi\u00f3n de 1 d\u00eda a Tokio | Paquete privado de excursiones de un d\u00eda a Tokio | Excursiones diarias<\/title>\n<meta name=\"description\" content=\"Reserve su paquete tur\u00edstico de Tokio de un d\u00eda para explorar el templo Sensoji, Nakamise, Skytree, el mercado de pescado de Tsukiji, el santuario Meiji Jingu, Harajuku Takeshita y mucho m\u00e1s.\" \/>\n<meta name=\"robots\" content=\"index, follow, max-snippet:-1, max-image-preview:large, max-video-preview:-1\" \/>\n<link rel=\"canonical\" href=\"https:\/\/tokyograndtours.com\/es\/producto\/excursion-de-1-dia-a-tokio-por-grupos-recogida-en-el-hotel\/\" \/>\n<meta property=\"og:locale\" content=\"es_ES\" \/>\n<meta property=\"og:type\" content=\"article\" \/>\n<meta property=\"og:title\" content=\"Excursi\u00f3n de 1 d\u00eda a Tokio por grupos (recogida en el hotel)\" \/>\n<meta property=\"og:description\" content=\"Reserve su paquete tur\u00edstico de Tokio de un d\u00eda para explorar el templo Sensoji, Nakamise, Skytree, el mercado de pescado de Tsukiji, el santuario Meiji Jingu, Harajuku Takeshita y mucho m\u00e1s.\" \/>\n<meta property=\"og:url\" content=\"https:\/\/tokyograndtours.com\/es\/producto\/excursion-de-1-dia-a-tokio-por-grupos-recogida-en-el-hotel\/\" \/>\n<meta property=\"og:site_name\" content=\"Tokyo Grand Tours\" \/>\n<meta property=\"article:publisher\" content=\"https:\/\/www.facebook.com\/TokyoGrandTours\" \/>\n<meta property=\"article:modified_time\" content=\"2025-12-21T05:54:05+00:00\" \/>\n<meta property=\"og:image\" content=\"https:\/\/tokyograndtours.com\/wp-content\/uploads\/2021\/09\/1-Day-Tokyo-Tour.png\" \/>\n\t<meta property=\"og:image:width\" content=\"744\" \/>\n\t<meta property=\"og:image:height\" content=\"439\" \/>\n\t<meta property=\"og:image:type\" content=\"image\/png\" \/>\n<meta name=\"twitter:card\" content=\"summary_large_image\" \/>\n<meta name=\"twitter:label1\" content=\"Tiempo de lectura\" \/>\n\t<meta name=\"twitter:data1\" content=\"1 minuto\" \/>\n<!-- \/ Yoast SEO Premium plugin. -->","yoast_head_json":{"title":"Excursi\u00f3n de 1 d\u00eda a Tokio | Paquete privado de excursiones de un d\u00eda a Tokio | Excursiones diarias","description":"Reserve su paquete tur\u00edstico de Tokio de un d\u00eda para explorar el templo Sensoji, Nakamise, Skytree, el mercado de pescado de Tsukiji, el santuario Meiji Jingu, Harajuku Takeshita y mucho m\u00e1s.","robots":{"index":"index","follow":"follow","max-snippet":"max-snippet:-1","max-image-preview":"max-image-preview:large","max-video-preview":"max-video-preview:-1"},"canonical":"https:\/\/tokyograndtours.com\/es\/producto\/excursion-de-1-dia-a-tokio-por-grupos-recogida-en-el-hotel\/","og_locale":"es_ES","og_type":"article","og_title":"Excursi\u00f3n de 1 d\u00eda a Tokio por grupos (recogida en el hotel)","og_description":"Reserve su paquete tur\u00edstico de Tokio de un d\u00eda para explorar el templo Sensoji, Nakamise, Skytree, el mercado de pescado de Tsukiji, el santuario Meiji Jingu, Harajuku Takeshita y mucho m\u00e1s.","og_url":"https:\/\/tokyograndtours.com\/es\/producto\/excursion-de-1-dia-a-tokio-por-grupos-recogida-en-el-hotel\/","og_site_name":"Tokyo Grand Tours","article_publisher":"https:\/\/www.facebook.com\/TokyoGrandTours","article_modified_time":"2025-12-21T05:54:05+00:00","og_image":[{"width":744,"height":439,"url":"https:\/\/tokyograndtours.com\/wp-content\/uploads\/2021\/09\/1-Day-Tokyo-Tour.png","type":"image\/png"}],"twitter_card":"summary_large_image","twitter_misc":{"Tiempo de lectura":"1 minuto"},"schema":{"@context":"https:\/\/schema.org","@graph":[{"@type":"WebPage","@id":"https:\/\/tokyograndtours.com\/es\/producto\/excursion-de-1-dia-a-tokio-por-grupos-recogida-en-el-hotel\/","url":"https:\/\/tokyograndtours.com\/es\/producto\/excursion-de-1-dia-a-tokio-por-grupos-recogida-en-el-hotel\/","name":"Excursi\u00f3n de 1 d\u00eda a Tokio | Paquete privado de excursiones de un d\u00eda a Tokio | Excursiones diarias","isPartOf":{"@id":"https:\/\/tokyograndtours.com\/#website"},"primaryImageOfPage":{"@id":"https:\/\/tokyograndtours.com\/es\/producto\/excursion-de-1-dia-a-tokio-por-grupos-recogida-en-el-hotel\/#primaryimage"},"image":{"@id":"https:\/\/tokyograndtours.com\/es\/producto\/excursion-de-1-dia-a-tokio-por-grupos-recogida-en-el-hotel\/#primaryimage"},"thumbnailUrl":"https:\/\/tokyograndtours.com\/wp-content\/uploads\/2021\/09\/1-Day-Tokyo-Tour.png","datePublished":"2023-09-17T15:25:43+00:00","dateModified":"2025-12-21T05:54:05+00:00","description":"Reserve su paquete tur\u00edstico de Tokio de un d\u00eda para explorar el templo Sensoji, Nakamise, Skytree, el mercado de pescado de Tsukiji, el santuario Meiji Jingu, Harajuku Takeshita y mucho m\u00e1s.","breadcrumb":{"@id":"https:\/\/tokyograndtours.com\/es\/producto\/excursion-de-1-dia-a-tokio-por-grupos-recogida-en-el-hotel\/#breadcrumb"},"inLanguage":"es","potentialAction":[{"@type":"ReadAction","target":["https:\/\/tokyograndtours.com\/es\/producto\/excursion-de-1-dia-a-tokio-por-grupos-recogida-en-el-hotel\/"]}]},{"@type":"ImageObject","inLanguage":"es","@id":"https:\/\/tokyograndtours.com\/es\/producto\/excursion-de-1-dia-a-tokio-por-grupos-recogida-en-el-hotel\/#primaryimage","url":"https:\/\/tokyograndtours.com\/wp-content\/uploads\/2021\/09\/1-Day-Tokyo-Tour.png","contentUrl":"https:\/\/tokyograndtours.com\/wp-content\/uploads\/2021\/09\/1-Day-Tokyo-Tour.png","width":744,"height":439,"caption":"1 Day Tokyo Tour"},{"@type":"BreadcrumbList","@id":"https:\/\/tokyograndtours.com\/es\/producto\/excursion-de-1-dia-a-tokio-por-grupos-recogida-en-el-hotel\/#breadcrumb","itemListElement":[{"@type":"ListItem","position":1,"name":"Home","item":"https:\/\/tokyograndtours.com\/es\/"},{"@type":"ListItem","position":2,"name":"Excursi\u00f3n de 1 d\u00eda a Tokio por grupos (recogida en el hotel)"}]},{"@type":"WebSite","@id":"https:\/\/tokyograndtours.com\/#website","url":"https:\/\/tokyograndtours.com\/","name":"Tokyo Grand Tours","description":"Best Tokyo Tours | sightseeing tokyo","publisher":{"@id":"https:\/\/tokyograndtours.com\/#organization"},"potentialAction":[{"@type":"SearchAction","target":{"@type":"EntryPoint","urlTemplate":"https:\/\/tokyograndtours.com\/?s={search_term_string}"},"query-input":{"@type":"PropertyValueSpecification","valueRequired":true,"valueName":"search_term_string"}}],"inLanguage":"es"},{"@type":"Organization","@id":"https:\/\/tokyograndtours.com\/#organization","name":"Tokyo Grand Tours","url":"https:\/\/tokyograndtours.com\/","logo":{"@type":"ImageObject","inLanguage":"es","@id":"https:\/\/tokyograndtours.com\/#\/schema\/logo\/image\/","url":"https:\/\/tokyograndtours.com\/wp-content\/uploads\/2017\/08\/logo.png","contentUrl":"https:\/\/tokyograndtours.com\/wp-content\/uploads\/2017\/08\/logo.png","width":376,"height":232,"caption":"Tokyo Grand Tours"},"image":{"@id":"https:\/\/tokyograndtours.com\/#\/schema\/logo\/image\/"},"sameAs":["https:\/\/www.facebook.com\/TokyoGrandTours","https:\/\/www.instagram.com\/tokyograndtours"]}]}},"_links":{"self":[{"href":"https:\/\/tokyograndtours.com\/es\/wp-json\/wp\/v2\/product\/28996","targetHints":{"allow":["GET"]}}],"collection":[{"href":"https:\/\/tokyograndtours.com\/es\/wp-json\/wp\/v2\/product"}],"about":[{"href":"https:\/\/tokyograndtours.com\/es\/wp-json\/wp\/v2\/types\/product"}],"wp:featuredmedia":[{"embeddable":true,"href":"https:\/\/tokyograndtours.com\/es\/wp-json\/wp\/v2\/media\/28997"}],"wp:attachment":[{"href":"https:\/\/tokyograndtours.com\/es\/wp-json\/wp\/v2\/media?parent=28996"}],"wp:term":[{"taxonomy":"product_brand","embeddable":true,"href":"https:\/\/tokyograndtours.com\/es\/wp-json\/wp\/v2\/product_brand?post=28996"},{"taxonomy":"product_cat","embeddable":true,"href":"https:\/\/tokyograndtours.com\/es\/wp-json\/wp\/v2\/product_cat?post=28996"},{"taxonomy":"product_tag","embeddable":true,"href":"https:\/\/tokyograndtours.com\/es\/wp-json\/wp\/v2\/product_tag?post=28996"}],"curies":[{"name":"wp","href":"https:\/\/api.w.org\/{rel}","templated":true}]}}