{"id":28994,"date":"2023-09-17T16:50:25","date_gmt":"2023-09-17T16:50:25","guid":{"rendered":"https:\/\/tokyograndtours.com\/product\/excursion-de-2-dias-a-tokio-por-grupos-recogida-en-el-hotel\/"},"modified":"2024-04-18T11:31:48","modified_gmt":"2024-04-18T11:31:48","slug":"excursion-de-2-dias-a-tokio-por-grupos-recogida-en-el-hotel","status":"publish","type":"product","link":"https:\/\/tokyograndtours.com\/es\/producto\/excursion-de-2-dias-a-tokio-por-grupos-recogida-en-el-hotel\/","title":{"rendered":"Excursi\u00f3n de 2 d\u00edas a Tokio por grupos (recogida en el hotel)"},"content":{"rendered":"<p style=\"text-align: center;\"><span style=\"text-decoration: underline;\"><strong>Recogida en su hotel de Tokio<\/strong><\/span><\/p>\n<p style=\"text-align: center;\"><strong><span style=\"text-decoration: underline;\">Visita a Tokio totalmente personalizada de 2 d\u00edas de duraci\u00f3n, para que pueda disfrutar de todos los lugares de inter\u00e9s a su aire <\/span><\/strong><\/p>\n<p class=\"font_9\" style=\"text-align: center;\"><strong>(Tenga en cuenta que se trata de una excursi\u00f3n con ch\u00f3fer y que toda la informaci\u00f3n relevante sobre cada lugar de inter\u00e9s se le proporcionar\u00e1 mientras se encuentre en el veh\u00edculo entre los destinos, por lo que podr\u00e1 pasar el tiempo all\u00ed a su aire).<\/strong><\/p>\n<p class=\"font_9\" style=\"text-align: center;\"><strong>\u200b<\/strong><\/p>\n<p class=\"font_9\" style=\"text-align: center;\"><strong><span class=\"color_15\">\u00bfDesea conocer lugares impresionantes con un punto de vista local y ch\u00f3feres de habla inglesa? Si es as\u00ed, este recorrido es una gran opci\u00f3n de viaje para usted. nosotros nos encargaremos de toda la log\u00edstica de la planificaci\u00f3n del viaje, todo lo que usted tiene que hacer es abrir su mente a una nueva experiencia. \u00bfLe interesa reservar? <a href=\"https:\/\/tokyograndtours.com\/es\/contactos\/\">P\u00f3ngase en contacto<\/a> con nosotros para obtener m\u00e1s informaci\u00f3n.<\/span><\/strong><\/p>\n","protected":false},"excerpt":{"rendered":"<p style=\"text-align: left;\"><strong>Recogida en su hotel de Tokio<\/strong><\/p>\n<p style=\"text-align: left;\"><strong>Visita a Tokio totalmente personalizada de 2 d\u00edas de duraci\u00f3n, para que pueda disfrutar de todos los lugares de inter\u00e9s a su aire.<\/strong><\/p>\n<p style=\"text-align: left;\"><strong>(Tenga en cuenta que se trata de una excursi\u00f3n con ch\u00f3fer y que toda la informaci\u00f3n relevante sobre cada lugar de inter\u00e9s se le proporcionar\u00e1 mientras se encuentre en el veh\u00edculo entre los destinos, por lo que podr\u00e1 pasar el tiempo all\u00ed a su aire).<\/strong><\/p>\n<p style=\"text-align: left;\"><strong>\u200b<\/strong><\/p>\n<p style=\"text-align: left;\"><strong><span class=\"color_15\">\u00bfDesea conocer lugares impresionantes con un punto de vista local y ch\u00f3feres de habla inglesa? Si es as\u00ed, este recorrido es una gran opci\u00f3n de viaje para usted. nosotros nos encargaremos de toda la log\u00edstica de la planificaci\u00f3n del viaje, todo lo que usted tiene que hacer es abrir su mente a una nueva experiencia. \u00bfLe interesa reservar? P\u00f3ngase en contacto con nosotros para obtener m\u00e1s informaci\u00f3n.<\/span><\/strong><\/p>\n","protected":false},"featured_media":29035,"template":"","meta":[],"product_brand":[],"product_cat":[201],"product_tag":[],"class_list":{"0":"post-28994","1":"product","2":"type-product","3":"status-publish","4":"has-post-thumbnail","6":"product_cat-visitas","8":"first","9":"instock","10":"virtual","11":"purchasable","12":"product-type-simple"},"yoast_head":"<!-- This site is optimized with the Yoast SEO Premium plugin v24.9 (Yoast SEO v27.2) - https:\/\/yoast.com\/product\/yoast-seo-premium-wordpress\/ -->\n<title>Tour de Tokio de 2 d\u00edas | Paquetes de Tours Privados de Tokio | Tokyo Daily Tour<\/title>\n<meta name=\"description\" content=\"Obtenga un Tour de Tokio de dos d\u00edas totalmente personalizable con ch\u00f3feres de habla inglesa. Descubra los lugares m\u00e1s destacados y las joyas ocultas de la ciudad. Reserve ya su aventura en Tokio\" \/>\n<meta name=\"robots\" content=\"index, follow, max-snippet:-1, max-image-preview:large, max-video-preview:-1\" \/>\n<link rel=\"canonical\" href=\"https:\/\/tokyograndtours.com\/es\/producto\/excursion-de-2-dias-a-tokio-por-grupos-recogida-en-el-hotel\/\" \/>\n<meta property=\"og:locale\" content=\"es_ES\" \/>\n<meta property=\"og:type\" content=\"article\" \/>\n<meta property=\"og:title\" content=\"Excursi\u00f3n de 2 d\u00edas a Tokio por grupos (recogida en el hotel)\" \/>\n<meta property=\"og:description\" content=\"Obtenga un Tour de Tokio de dos d\u00edas totalmente personalizable con ch\u00f3feres de habla inglesa. Descubra los lugares m\u00e1s destacados y las joyas ocultas de la ciudad. Reserve ya su aventura en Tokio\" \/>\n<meta property=\"og:url\" content=\"https:\/\/tokyograndtours.com\/es\/producto\/excursion-de-2-dias-a-tokio-por-grupos-recogida-en-el-hotel\/\" \/>\n<meta property=\"og:site_name\" content=\"Tokyo Grand Tours\" \/>\n<meta property=\"article:publisher\" content=\"https:\/\/www.facebook.com\/TokyoGrandTours\" \/>\n<meta property=\"article:modified_time\" content=\"2024-04-18T11:31:48+00:00\" \/>\n<meta property=\"og:image\" content=\"https:\/\/tokyograndtours.com\/wp-content\/uploads\/2019\/02\/Screenshot-2019-02-22-at-19.13.12.png\" \/>\n\t<meta property=\"og:image:width\" content=\"629\" \/>\n\t<meta property=\"og:image:height\" content=\"475\" \/>\n\t<meta property=\"og:image:type\" content=\"image\/png\" \/>\n<meta name=\"twitter:card\" content=\"summary_large_image\" \/>\n<meta name=\"twitter:label1\" content=\"Tiempo de lectura\" \/>\n\t<meta name=\"twitter:data1\" content=\"1 minuto\" \/>\n<!-- \/ Yoast SEO Premium plugin. -->","yoast_head_json":{"title":"Tour de Tokio de 2 d\u00edas | Paquetes de Tours Privados de Tokio | Tokyo Daily Tour","description":"Obtenga un Tour de Tokio de dos d\u00edas totalmente personalizable con ch\u00f3feres de habla inglesa. Descubra los lugares m\u00e1s destacados y las joyas ocultas de la ciudad. Reserve ya su aventura en Tokio","robots":{"index":"index","follow":"follow","max-snippet":"max-snippet:-1","max-image-preview":"max-image-preview:large","max-video-preview":"max-video-preview:-1"},"canonical":"https:\/\/tokyograndtours.com\/es\/producto\/excursion-de-2-dias-a-tokio-por-grupos-recogida-en-el-hotel\/","og_locale":"es_ES","og_type":"article","og_title":"Excursi\u00f3n de 2 d\u00edas a Tokio por grupos (recogida en el hotel)","og_description":"Obtenga un Tour de Tokio de dos d\u00edas totalmente personalizable con ch\u00f3feres de habla inglesa. Descubra los lugares m\u00e1s destacados y las joyas ocultas de la ciudad. Reserve ya su aventura en Tokio","og_url":"https:\/\/tokyograndtours.com\/es\/producto\/excursion-de-2-dias-a-tokio-por-grupos-recogida-en-el-hotel\/","og_site_name":"Tokyo Grand Tours","article_publisher":"https:\/\/www.facebook.com\/TokyoGrandTours","article_modified_time":"2024-04-18T11:31:48+00:00","og_image":[{"width":629,"height":475,"url":"https:\/\/tokyograndtours.com\/wp-content\/uploads\/2019\/02\/Screenshot-2019-02-22-at-19.13.12.png","type":"image\/png"}],"twitter_card":"summary_large_image","twitter_misc":{"Tiempo de lectura":"1 minuto"},"schema":{"@context":"https:\/\/schema.org","@graph":[{"@type":"WebPage","@id":"https:\/\/tokyograndtours.com\/es\/producto\/excursion-de-2-dias-a-tokio-por-grupos-recogida-en-el-hotel\/","url":"https:\/\/tokyograndtours.com\/es\/producto\/excursion-de-2-dias-a-tokio-por-grupos-recogida-en-el-hotel\/","name":"Tour de Tokio de 2 d\u00edas | Paquetes de Tours Privados de Tokio | Tokyo Daily Tour","isPartOf":{"@id":"https:\/\/tokyograndtours.com\/#website"},"primaryImageOfPage":{"@id":"https:\/\/tokyograndtours.com\/es\/producto\/excursion-de-2-dias-a-tokio-por-grupos-recogida-en-el-hotel\/#primaryimage"},"image":{"@id":"https:\/\/tokyograndtours.com\/es\/producto\/excursion-de-2-dias-a-tokio-por-grupos-recogida-en-el-hotel\/#primaryimage"},"thumbnailUrl":"https:\/\/tokyograndtours.com\/wp-content\/uploads\/2019\/02\/Screenshot-2019-02-22-at-19.13.12.png","datePublished":"2023-09-17T16:50:25+00:00","dateModified":"2024-04-18T11:31:48+00:00","description":"Obtenga un Tour de Tokio de dos d\u00edas totalmente personalizable con ch\u00f3feres de habla inglesa. Descubra los lugares m\u00e1s destacados y las joyas ocultas de la ciudad. Reserve ya su aventura en Tokio","breadcrumb":{"@id":"https:\/\/tokyograndtours.com\/es\/producto\/excursion-de-2-dias-a-tokio-por-grupos-recogida-en-el-hotel\/#breadcrumb"},"inLanguage":"es","potentialAction":[{"@type":"ReadAction","target":["https:\/\/tokyograndtours.com\/es\/producto\/excursion-de-2-dias-a-tokio-por-grupos-recogida-en-el-hotel\/"]}]},{"@type":"ImageObject","inLanguage":"es","@id":"https:\/\/tokyograndtours.com\/es\/producto\/excursion-de-2-dias-a-tokio-por-grupos-recogida-en-el-hotel\/#primaryimage","url":"https:\/\/tokyograndtours.com\/wp-content\/uploads\/2019\/02\/Screenshot-2019-02-22-at-19.13.12.png","contentUrl":"https:\/\/tokyograndtours.com\/wp-content\/uploads\/2019\/02\/Screenshot-2019-02-22-at-19.13.12.png","width":629,"height":475,"caption":"2 Day Tokyo Tour"},{"@type":"BreadcrumbList","@id":"https:\/\/tokyograndtours.com\/es\/producto\/excursion-de-2-dias-a-tokio-por-grupos-recogida-en-el-hotel\/#breadcrumb","itemListElement":[{"@type":"ListItem","position":1,"name":"Home","item":"https:\/\/tokyograndtours.com\/es\/"},{"@type":"ListItem","position":2,"name":"Excursi\u00f3n de 2 d\u00edas a Tokio por grupos (recogida en el hotel)"}]},{"@type":"WebSite","@id":"https:\/\/tokyograndtours.com\/#website","url":"https:\/\/tokyograndtours.com\/","name":"Tokyo Grand Tours","description":"Best Tokyo Tours | sightseeing tokyo","publisher":{"@id":"https:\/\/tokyograndtours.com\/#organization"},"potentialAction":[{"@type":"SearchAction","target":{"@type":"EntryPoint","urlTemplate":"https:\/\/tokyograndtours.com\/?s={search_term_string}"},"query-input":{"@type":"PropertyValueSpecification","valueRequired":true,"valueName":"search_term_string"}}],"inLanguage":"es"},{"@type":"Organization","@id":"https:\/\/tokyograndtours.com\/#organization","name":"Tokyo Grand Tours","url":"https:\/\/tokyograndtours.com\/","logo":{"@type":"ImageObject","inLanguage":"es","@id":"https:\/\/tokyograndtours.com\/#\/schema\/logo\/image\/","url":"https:\/\/tokyograndtours.com\/wp-content\/uploads\/2017\/08\/logo.png","contentUrl":"https:\/\/tokyograndtours.com\/wp-content\/uploads\/2017\/08\/logo.png","width":376,"height":232,"caption":"Tokyo Grand Tours"},"image":{"@id":"https:\/\/tokyograndtours.com\/#\/schema\/logo\/image\/"},"sameAs":["https:\/\/www.facebook.com\/TokyoGrandTours","https:\/\/www.instagram.com\/tokyograndtours"]}]}},"_links":{"self":[{"href":"https:\/\/tokyograndtours.com\/es\/wp-json\/wp\/v2\/product\/28994","targetHints":{"allow":["GET"]}}],"collection":[{"href":"https:\/\/tokyograndtours.com\/es\/wp-json\/wp\/v2\/product"}],"about":[{"href":"https:\/\/tokyograndtours.com\/es\/wp-json\/wp\/v2\/types\/product"}],"wp:featuredmedia":[{"embeddable":true,"href":"https:\/\/tokyograndtours.com\/es\/wp-json\/wp\/v2\/media\/29035"}],"wp:attachment":[{"href":"https:\/\/tokyograndtours.com\/es\/wp-json\/wp\/v2\/media?parent=28994"}],"wp:term":[{"taxonomy":"product_brand","embeddable":true,"href":"https:\/\/tokyograndtours.com\/es\/wp-json\/wp\/v2\/product_brand?post=28994"},{"taxonomy":"product_cat","embeddable":true,"href":"https:\/\/tokyograndtours.com\/es\/wp-json\/wp\/v2\/product_cat?post=28994"},{"taxonomy":"product_tag","embeddable":true,"href":"https:\/\/tokyograndtours.com\/es\/wp-json\/wp\/v2\/product_tag?post=28994"}],"curies":[{"name":"wp","href":"https:\/\/api.w.org\/{rel}","templated":true}]}}