{"id":28992,"date":"2024-01-22T09:47:16","date_gmt":"2024-01-22T09:47:16","guid":{"rendered":"https:\/\/tokyograndtours.com\/product\/nikko-tour-por-grupo-recogida-en-hotel-personalizable\/"},"modified":"2024-04-18T12:23:07","modified_gmt":"2024-04-18T12:23:07","slug":"nikko-tour-por-grupo-recogida-en-hotel-personalizable","status":"publish","type":"product","link":"https:\/\/tokyograndtours.com\/es\/producto\/nikko-tour-por-grupo-recogida-en-hotel-personalizable\/","title":{"rendered":"Nikko Tour-Por Grupo (Recogida en Hotel) Personalizable"},"content":{"rendered":"<p style=\"text-align: center;\"><span style=\"text-decoration: underline;\"><strong>Itinerario de Nikko<\/strong><\/span><\/p>\n<p style=\"text-align: center;\"><em><span style=\"text-decoration: underline;\"><strong>1. Paseo de los 5 Templos<\/strong><\/span><\/em><\/p>\n<p style=\"text-align: center;\"><strong>Experimente un viaje sereno a trav\u00e9s de un frondoso bosque que alberga importantes santuarios y templos, declarados Patrimonio de la Humanidad por la UNESCO.<\/strong><\/p>\n<p style=\"text-align: center;\"><span style=\"text-decoration: underline;\"><em><strong>&#8211; Toshogu + Pagoda de 5 pisos<\/strong><\/em><\/span><\/p>\n<p style=\"text-align: center;\"><strong>Explore el santuario de Toshogu, dedicado a Tokugawa Ieyasu.<\/strong><\/p>\n<p style=\"text-align: center;\"><strong>Descubra la emblem\u00e1tica Pagoda de 5 pisos.<\/strong><\/p>\n<p style=\"text-align: center;\"><strong>Admire los restos del Shogun Tokugawa Ieyasu.<\/strong><\/p>\n<p style=\"text-align: center;\"><strong>Encuentre a los famosos &#8220;Tres monos sabios&#8221;, s\u00edmbolo de no ver el mal, no o\u00edr el mal y no hablar el mal.<\/strong><\/p>\n<p style=\"text-align: center;\"><em><span style=\"text-decoration: underline;\"><strong>&#8211; Rinnoji<\/strong><\/span><\/em><\/p>\n<p style=\"text-align: center;\"><strong>Visite Rinnoji, fundada por Shodo Shonin, el monje budista que introdujo el budismo en Nikko en el siglo VIII.<\/strong><\/p>\n<p style=\"text-align: center;\"><em><span style=\"text-decoration: underline;\"><strong>&#8211; Futarasan<\/strong><\/span><\/em><\/p>\n<p style=\"text-align: center;\"><strong>Explore el santuario de Futarasan, dedicado a las deidades de las tres monta\u00f1as m\u00e1s sagradas de Nikko: Monte Nantai, Monte Nyoho y Monte Taro.<\/strong><\/p>\n<p style=\"text-align: center;\"><em><span style=\"text-decoration: underline;\"><strong>&#8211; Taiyuin<\/strong><\/span><\/em><\/p>\n<p style=\"text-align: center;\"><strong>Presente sus respetos en Taiyuin, el mausoleo del tercer shogun Tokugawa, Iemitsu, nieto de Ieyasu.<\/strong><\/p>\n<p style=\"text-align: center;\"><strong>*Entradas:<\/strong><\/p>\n<p style=\"text-align: center;\"><strong>Toshogu: \u00a5450~\u00a51,300<\/strong><\/p>\n<p style=\"text-align: center;\"><strong>Rinnoji: \u00a5300~\u00a5900<\/strong><\/p>\n<p style=\"text-align: center;\"><strong>Futarasan: \u00a5300<\/strong><\/p>\n<p style=\"text-align: center;\"><strong>Taiyuin: \u00a5550~\u00a5900<\/strong><\/p>\n<p style=\"text-align: center;\"><em><span style=\"text-decoration: underline;\"><strong>2. Almuerzo<\/strong><\/span><\/em><\/p>\n<p style=\"text-align: center;\"><strong>Disfrute de una comida tradicional de soba y tempura en un restaurante local, seguida de una visita a las encantadoras tiendas de recuerdos de la ciudad.<\/strong><\/p>\n<p style=\"text-align: center;\"><em><span style=\"text-decoration: underline;\"><strong>3. Cataratas de Kegon<\/strong><\/span><\/em><\/p>\n<p style=\"text-align: center;\"><strong>Marav\u00edllate con las impresionantes cataratas Kegon, situadas en el lago Ch\u016bzenji, en el Parque Nacional de Nikk\u014d. Estas cataratas se formaron cuando el r\u00edo Daiya fue desviado por las corrientes de lava.<\/strong><\/p>\n<p style=\"text-align: center;\"><span style=\"text-decoration: underline;\"><em><strong>4. Vista del lago Chuzenji + Futarasan Jinja Chugurushi<\/strong><\/em><\/span><\/p>\n<p style=\"text-align: center;\"><strong>El pintoresco lago Ch\u016bzenji, tambi\u00e9n conocido como el &#8220;Mar de la Felicidad&#8221;, se form\u00f3 hace 20.000 a\u00f1os durante la erupci\u00f3n del monte Nantai.<\/strong><\/p>\n<p style=\"text-align: center;\"><strong>Visite Futarasan Jinja Chugurushi, un subsantuario del principal Futarasan Jinja, situado a orillas del lago Chuzenji.<\/strong><\/p>\n<p style=\"text-align: center;\"><span style=\"text-decoration: underline;\"><strong>Miras alternativas:<\/strong><\/span><\/p>\n<p style=\"text-align: center;\"><em><span style=\"text-decoration: underline;\"><strong>1. Foto del puente de Shinkyo<\/strong><\/span><\/em><\/p>\n<p style=\"text-align: center;\"><strong>El puente Shinkyo, tambi\u00e9n conocido como el Puente Sagrado, es un ic\u00f3nico puente de color bermell\u00f3n que cruza el r\u00edo Daiya. Sirve de entrada a Nikko y es un s\u00edmbolo de la belleza natural y la importancia espiritual de la zona. Capture fotos impresionantes con este pintoresco puente como tel\u00f3n de fondo.<\/strong><\/p>\n<p style=\"text-align: center;\"><em><strong><span style=\"text-decoration: underline;\">2. Villa Imperial<\/span><\/strong><\/em><\/p>\n<p style=\"text-align: center;\"><strong>La Villa Imperial de Nikko es un sereno refugio con bellos jardines y arquitectura tradicional japonesa. Aunque no siempre est\u00e1 abierta al p\u00fablico, si se tiene la oportunidad, una visita a la Villa Imperial ofrece una visi\u00f3n de la conexi\u00f3n de la familia imperial con Nikko y sus tranquilos alrededores.<\/strong><\/p>\n<p style=\"text-align: center;\"><em><span style=\"text-decoration: underline;\"><strong>3. Abismo Kanmangafuchi<\/strong><\/span><\/em><\/p>\n<p style=\"text-align: center;\"><strong>El Abismo de Kanmangafuchi es un pintoresco y tranquilo desfiladero conocido por su hilera de unas 70 estatuas Jizo de piedra, cada una adornada con petos rojos. Se cree que las estatuas Jizo protegen a los viajeros y las almas de los difuntos. Un paseo por la orilla del r\u00edo ofrece una experiencia tranquila y reflexiva.<\/strong><\/p>\n<p style=\"text-align: center;\"><em><span style=\"text-decoration: underline;\"><strong>4. Transbordador del lago Chuzenji<\/strong><\/span><\/em><\/p>\n<p style=\"text-align: center;\"><strong>D\u00e9 un paseo panor\u00e1mico en el transbordador del lago Chuzenji y disfrute de las impresionantes vistas del lago Ch\u016bzenji y sus alrededores. Es una forma relajante de apreciar la belleza natural de la zona.<\/strong><\/p>\n<p style=\"text-align: center;\"><em><strong><span style=\"text-decoration: underline;\">5. Edo Wonderland (Pueblo Ninja)<\/span><\/strong><\/em><\/p>\n<p style=\"text-align: center;\"><strong>Sum\u00e9rjase en el periodo Edo en Edo Wonderland, una Aldea Ninja donde podr\u00e1 sumergirse en la vibrante historia y cultura del pasado de Jap\u00f3n. Disfrute de actividades tradicionales, actuaciones y explore este emocionante parque tem\u00e1tico.<\/strong><\/p>\n","protected":false},"excerpt":{"rendered":"<p style=\"text-align: center;\"><em><span style=\"text-decoration: underline;\"><strong>Visita a Nikko<\/strong><\/span><\/em><\/p>\n<p style=\"text-align: center;\"><strong>En la prefectura japonesa de Tochigi, Nikko combina un rico patrimonio cultural, impresionantes paisajes naturales e importancia espiritual. Enclavada en frondosos bosques, Nikko cuenta con exquisitos santuarios como el emblem\u00e1tico Toshogu Shrine y su pagoda de cinco pisos, declarados Patrimonio de la Humanidad por la UNESCO. Los amantes de la naturaleza pueden explorar las cataratas de Kegon y el lago Chuzenji, mientras que el sereno abismo de Kanmangafuchi atrae a los que buscan tranquilidad. Nikko combina armoniosamente historia y belleza natural, ofreciendo a los viajeros una experiencia \u00fanica e inolvidable.<\/strong><\/p>\n","protected":false},"featured_media":28993,"template":"","meta":[],"product_brand":[],"product_cat":[201],"product_tag":[],"class_list":{"0":"post-28992","1":"product","2":"type-product","3":"status-publish","4":"has-post-thumbnail","6":"product_cat-visitas","8":"first","9":"instock","10":"virtual","11":"purchasable","12":"product-type-simple"},"yoast_head":"<!-- This site is optimized with the Yoast SEO Premium plugin v24.9 (Yoast SEO v27.2) - https:\/\/yoast.com\/product\/yoast-seo-premium-wordpress\/ -->\n<title>Reservar Nikko Tour | Tour Privado de un D\u00eda con Chofer | Tokyo Grand Tours<\/title>\n<meta name=\"description\" content=\"Disfrute de la belleza y la cultura de Nikko con nuestra excursi\u00f3n privada. Descubra impresionantes templos como Toshogu, Rinnoji, Futarasan y el lago Chuzenji View.\" \/>\n<meta name=\"robots\" content=\"index, follow, max-snippet:-1, max-image-preview:large, max-video-preview:-1\" \/>\n<link rel=\"canonical\" href=\"https:\/\/tokyograndtours.com\/es\/producto\/nikko-tour-por-grupo-recogida-en-hotel-personalizable\/\" \/>\n<meta property=\"og:locale\" content=\"es_ES\" \/>\n<meta property=\"og:type\" content=\"article\" \/>\n<meta property=\"og:title\" content=\"Nikko Tour-Por Grupo (Recogida en Hotel) Personalizable\" \/>\n<meta property=\"og:description\" content=\"Disfrute de la belleza y la cultura de Nikko con nuestra excursi\u00f3n privada. Descubra impresionantes templos como Toshogu, Rinnoji, Futarasan y el lago Chuzenji View.\" \/>\n<meta property=\"og:url\" content=\"https:\/\/tokyograndtours.com\/es\/producto\/nikko-tour-por-grupo-recogida-en-hotel-personalizable\/\" \/>\n<meta property=\"og:site_name\" content=\"Tokyo Grand Tours\" \/>\n<meta property=\"article:publisher\" content=\"https:\/\/www.facebook.com\/TokyoGrandTours\" \/>\n<meta property=\"article:modified_time\" content=\"2024-04-18T12:23:07+00:00\" \/>\n<meta property=\"og:image\" content=\"https:\/\/tokyograndtours.com\/wp-content\/uploads\/2024\/01\/Nikko-Photo-scaled.jpg\" \/>\n\t<meta property=\"og:image:width\" content=\"2560\" \/>\n\t<meta property=\"og:image:height\" content=\"1707\" \/>\n\t<meta property=\"og:image:type\" content=\"image\/jpeg\" \/>\n<meta name=\"twitter:card\" content=\"summary_large_image\" \/>\n<meta name=\"twitter:label1\" content=\"Tiempo de lectura\" \/>\n\t<meta name=\"twitter:data1\" content=\"3 minutos\" \/>\n<!-- \/ Yoast SEO Premium plugin. -->","yoast_head_json":{"title":"Reservar Nikko Tour | Tour Privado de un D\u00eda con Chofer | Tokyo Grand Tours","description":"Disfrute de la belleza y la cultura de Nikko con nuestra excursi\u00f3n privada. Descubra impresionantes templos como Toshogu, Rinnoji, Futarasan y el lago Chuzenji View.","robots":{"index":"index","follow":"follow","max-snippet":"max-snippet:-1","max-image-preview":"max-image-preview:large","max-video-preview":"max-video-preview:-1"},"canonical":"https:\/\/tokyograndtours.com\/es\/producto\/nikko-tour-por-grupo-recogida-en-hotel-personalizable\/","og_locale":"es_ES","og_type":"article","og_title":"Nikko Tour-Por Grupo (Recogida en Hotel) Personalizable","og_description":"Disfrute de la belleza y la cultura de Nikko con nuestra excursi\u00f3n privada. Descubra impresionantes templos como Toshogu, Rinnoji, Futarasan y el lago Chuzenji View.","og_url":"https:\/\/tokyograndtours.com\/es\/producto\/nikko-tour-por-grupo-recogida-en-hotel-personalizable\/","og_site_name":"Tokyo Grand Tours","article_publisher":"https:\/\/www.facebook.com\/TokyoGrandTours","article_modified_time":"2024-04-18T12:23:07+00:00","og_image":[{"width":2560,"height":1707,"url":"https:\/\/tokyograndtours.com\/wp-content\/uploads\/2024\/01\/Nikko-Photo-scaled.jpg","type":"image\/jpeg"}],"twitter_card":"summary_large_image","twitter_misc":{"Tiempo de lectura":"3 minutos"},"schema":{"@context":"https:\/\/schema.org","@graph":[{"@type":"WebPage","@id":"https:\/\/tokyograndtours.com\/es\/producto\/nikko-tour-por-grupo-recogida-en-hotel-personalizable\/","url":"https:\/\/tokyograndtours.com\/es\/producto\/nikko-tour-por-grupo-recogida-en-hotel-personalizable\/","name":"Reservar Nikko Tour | Tour Privado de un D\u00eda con Chofer | Tokyo Grand Tours","isPartOf":{"@id":"https:\/\/tokyograndtours.com\/#website"},"primaryImageOfPage":{"@id":"https:\/\/tokyograndtours.com\/es\/producto\/nikko-tour-por-grupo-recogida-en-hotel-personalizable\/#primaryimage"},"image":{"@id":"https:\/\/tokyograndtours.com\/es\/producto\/nikko-tour-por-grupo-recogida-en-hotel-personalizable\/#primaryimage"},"thumbnailUrl":"https:\/\/tokyograndtours.com\/wp-content\/uploads\/2024\/01\/Nikko-Photo-scaled.jpg","datePublished":"2024-01-22T09:47:16+00:00","dateModified":"2024-04-18T12:23:07+00:00","description":"Disfrute de la belleza y la cultura de Nikko con nuestra excursi\u00f3n privada. Descubra impresionantes templos como Toshogu, Rinnoji, Futarasan y el lago Chuzenji View.","breadcrumb":{"@id":"https:\/\/tokyograndtours.com\/es\/producto\/nikko-tour-por-grupo-recogida-en-hotel-personalizable\/#breadcrumb"},"inLanguage":"es","potentialAction":[{"@type":"ReadAction","target":["https:\/\/tokyograndtours.com\/es\/producto\/nikko-tour-por-grupo-recogida-en-hotel-personalizable\/"]}]},{"@type":"ImageObject","inLanguage":"es","@id":"https:\/\/tokyograndtours.com\/es\/producto\/nikko-tour-por-grupo-recogida-en-hotel-personalizable\/#primaryimage","url":"https:\/\/tokyograndtours.com\/wp-content\/uploads\/2024\/01\/Nikko-Photo-scaled.jpg","contentUrl":"https:\/\/tokyograndtours.com\/wp-content\/uploads\/2024\/01\/Nikko-Photo-scaled.jpg","width":2560,"height":1707,"caption":"Book Nikko Tour"},{"@type":"BreadcrumbList","@id":"https:\/\/tokyograndtours.com\/es\/producto\/nikko-tour-por-grupo-recogida-en-hotel-personalizable\/#breadcrumb","itemListElement":[{"@type":"ListItem","position":1,"name":"Home","item":"https:\/\/tokyograndtours.com\/es\/"},{"@type":"ListItem","position":2,"name":"Nikko Tour-Por Grupo (Recogida en Hotel) Personalizable"}]},{"@type":"WebSite","@id":"https:\/\/tokyograndtours.com\/#website","url":"https:\/\/tokyograndtours.com\/","name":"Tokyo Grand Tours","description":"Best Tokyo Tours | sightseeing tokyo","publisher":{"@id":"https:\/\/tokyograndtours.com\/#organization"},"potentialAction":[{"@type":"SearchAction","target":{"@type":"EntryPoint","urlTemplate":"https:\/\/tokyograndtours.com\/?s={search_term_string}"},"query-input":{"@type":"PropertyValueSpecification","valueRequired":true,"valueName":"search_term_string"}}],"inLanguage":"es"},{"@type":"Organization","@id":"https:\/\/tokyograndtours.com\/#organization","name":"Tokyo Grand Tours","url":"https:\/\/tokyograndtours.com\/","logo":{"@type":"ImageObject","inLanguage":"es","@id":"https:\/\/tokyograndtours.com\/#\/schema\/logo\/image\/","url":"https:\/\/tokyograndtours.com\/wp-content\/uploads\/2017\/08\/logo.png","contentUrl":"https:\/\/tokyograndtours.com\/wp-content\/uploads\/2017\/08\/logo.png","width":376,"height":232,"caption":"Tokyo Grand Tours"},"image":{"@id":"https:\/\/tokyograndtours.com\/#\/schema\/logo\/image\/"},"sameAs":["https:\/\/www.facebook.com\/TokyoGrandTours","https:\/\/www.instagram.com\/tokyograndtours"]}]}},"_links":{"self":[{"href":"https:\/\/tokyograndtours.com\/es\/wp-json\/wp\/v2\/product\/28992","targetHints":{"allow":["GET"]}}],"collection":[{"href":"https:\/\/tokyograndtours.com\/es\/wp-json\/wp\/v2\/product"}],"about":[{"href":"https:\/\/tokyograndtours.com\/es\/wp-json\/wp\/v2\/types\/product"}],"wp:featuredmedia":[{"embeddable":true,"href":"https:\/\/tokyograndtours.com\/es\/wp-json\/wp\/v2\/media\/28993"}],"wp:attachment":[{"href":"https:\/\/tokyograndtours.com\/es\/wp-json\/wp\/v2\/media?parent=28992"}],"wp:term":[{"taxonomy":"product_brand","embeddable":true,"href":"https:\/\/tokyograndtours.com\/es\/wp-json\/wp\/v2\/product_brand?post=28992"},{"taxonomy":"product_cat","embeddable":true,"href":"https:\/\/tokyograndtours.com\/es\/wp-json\/wp\/v2\/product_cat?post=28992"},{"taxonomy":"product_tag","embeddable":true,"href":"https:\/\/tokyograndtours.com\/es\/wp-json\/wp\/v2\/product_tag?post=28992"}],"curies":[{"name":"wp","href":"https:\/\/api.w.org\/{rel}","templated":true}]}}