{"id":28990,"date":"2024-01-22T11:08:44","date_gmt":"2024-01-22T11:08:44","guid":{"rendered":"https:\/\/tokyograndtours.com\/product\/kamakura-tour-por-grupo-recogida-en-hotel-personalizable\/"},"modified":"2024-04-19T10:50:08","modified_gmt":"2024-04-19T10:50:08","slug":"kamakura-tour-por-grupo-recogida-en-hotel-personalizable","status":"publish","type":"product","link":"https:\/\/tokyograndtours.com\/es\/producto\/kamakura-tour-por-grupo-recogida-en-hotel-personalizable\/","title":{"rendered":"Kamakura Tour-Por Grupo (Recogida en Hotel) Personalizable"},"content":{"rendered":"<p style=\"text-align: center;\"><em><span style=\"text-decoration: underline;\"><strong>Itinerario de la excursi\u00f3n a Kamakura<\/strong><\/span><\/em><\/p>\n<p style=\"text-align: center;\"><span style=\"text-decoration: underline;\"><em><strong>1. Meigetsu-in + Casa de T\u00e9 (Aprox. 500 JPY \/ 4 USD por persona)<\/strong><\/em><\/span><\/p>\n<p style=\"text-align: center;\"><strong>Explore el tranquilo templo Meigetsu-in y su encantadora casa de t\u00e9. Disfrute de la serena atm\u00f3sfera y quiz\u00e1s se deleite con un t\u00e9 tradicional japon\u00e9s.<\/strong><\/p>\n<p style=\"text-align: center;\"><span style=\"text-decoration: underline;\"><em><strong>2. Templo Hokokuji + T\u00e9 Matcha (Bosque de Bamb\u00fa) (Aprox. 500 JPY \/ 4 USD por persona)<\/strong><\/em><\/span><\/p>\n<p style=\"text-align: center;\"><strong>Visite el templo Hokokuji para pasear por su encantador bosque de bamb\u00fa. Saboree una taza de t\u00e9 matcha en un entorno tranquilo.<\/strong><\/p>\n<p style=\"text-align: center;\"><em><span style=\"text-decoration: underline;\"><strong>3. Calle Komachi + Comida<\/strong><\/span><\/em><\/p>\n<p style=\"text-align: center;\"><strong>Descubra la animada calle Komachi, conocida por sus bulliciosas tiendas y restaurantes. Disfrute del almuerzo en uno de los restaurantes locales o en los puestos de comida callejera.<\/strong><\/p>\n<p style=\"text-align: center;\"><em><span style=\"text-decoration: underline;\"><strong>4. Kotoku-in (Gran Buda) (Aprox. 200 JPY \/ 2 USD por persona)<\/strong><\/span><\/em><\/p>\n<p style=\"text-align: center;\"><strong>Marav\u00edllese ante Kotoku-in, donde se encuentra el emblem\u00e1tico Gran Buda de Kamakura. Explore el recinto del templo y la impresionante estatua de bronce.<\/strong><\/p>\n<p style=\"text-align: center;\"><strong>Miras alternativas:<\/strong><\/p>\n<p style=\"text-align: center;\"><em><span style=\"text-decoration: underline;\"><strong>1. Tsurugaoka Hachiman-gu<\/strong><\/span><\/em><\/p>\n<p style=\"text-align: center;\"><strong>Considere la posibilidad de visitar Tsurugaoka Hachiman-gu, un destacado santuario sinto\u00edsta conocido por su importancia hist\u00f3rica y su bella arquitectura.<\/strong><\/p>\n<p style=\"text-align: center;\"><em><span style=\"text-decoration: underline;\"><strong>2. Museo de Arte Yoh Shomei (Aprox. 5 USD por persona)<\/strong><\/span><\/em><\/p>\n<p style=\"text-align: center;\"><strong>Explore el Museo de Arte Yoh Shomei, que ofrece una perspectiva art\u00edstica \u00fanica. Admire las exposiciones y sum\u00e9rjase en el arte.<\/strong><\/p>\n<p style=\"text-align: center;\"><strong>Este <a style=\"color: black;\" href=\"https:\/\/tokyograndtours.com\/es\/producto\/kamakura-tour-por-grupo-recogida-en-hotel-personalizable\/\">recorrido por Kamakura<\/a> le permite conocer las maravillas culturales y naturales de la zona, al tiempo que le ofrece flexibilidad con opciones alternativas que se adaptan a sus preferencias e intereses.<\/strong><\/p>\n","protected":false},"excerpt":{"rendered":"<div class=\"flex-1 overflow-hidden\">\n<div class=\"react-scroll-to-bottom--css-wjwgz-79elbk h-full\">\n<div class=\"react-scroll-to-bottom--css-wjwgz-1n7m0yu\">\n<div class=\"flex flex-col pb-9 text-sm\">\n<div class=\"w-full text-token-text-primary\" data-testid=\"conversation-turn-43\">\n<div class=\"px-4 py-2 justify-center text-base md:gap-6 m-auto\">\n<div class=\"flex flex-1 text-base mx-auto gap-3 md:px-5 lg:px-1 xl:px-5 md:max-w-3xl lg:max-w-[40rem] xl:max-w-[48rem] group final-completion\">\n<div class=\"relative flex w-full flex-col lg:w-[calc(100%-115px)] agent-turn\">\n<div class=\"flex-col gap-1 md:gap-3\">\n<div class=\"flex flex-grow flex-col max-w-full\">\n<div class=\"min-h-[20px] text-message flex flex-col items-start gap-3 whitespace-pre-wrap break-words [.text-message+&amp;]:mt-5 overflow-x-auto\" data-message-author-role=\"assistant\" data-message-id=\"f7e44979-58fd-413e-ab94-330e61acd238\">\n<div class=\"markdown prose w-full break-words dark:prose-invert light\">\n<p style=\"text-align: center;\"><span style=\"text-decoration: underline;\"><strong>Visita a Kamakura<\/strong><\/span><\/p>\n<p style=\"text-align: center;\"><strong>Descubra la cautivadora ciudad de Kamakura con nuestro recorrido totalmente privado. Kamakura, cargada de historia y belleza natural, ofrece una rica experiencia cultural. Explore templos serenos como Meigetsu-in y Hokokuji, con su famoso bosque de bamb\u00fa, mientras saborea t\u00e9 matcha. Pasee por la animada calle Komachi para degustar las delicias locales. Marav\u00edllese ante el emblem\u00e1tico Gran Buda de Kotoku-in. Otras atracciones tur\u00edsticas son Tsurugaoka Hachiman-gu y el Museo de Arte Yoh Shomei. Sum\u00e9rjase en el encanto de Kamakura, donde se mezclan tradici\u00f3n, naturaleza y arte para pasar un enriquecedor d\u00eda de exploraci\u00f3n.<\/strong><\/p>\n<\/div>\n<\/div>\n<\/div>\n<\/div>\n<\/div>\n<\/div>\n<\/div>\n<\/div>\n<\/div>\n<\/div>\n<\/div>\n<\/div>\n","protected":false},"featured_media":28991,"template":"","meta":[],"product_brand":[],"product_cat":[201],"product_tag":[],"class_list":{"0":"post-28990","1":"product","2":"type-product","3":"status-publish","4":"has-post-thumbnail","6":"product_cat-visitas","8":"first","9":"instock","10":"virtual","11":"purchasable","12":"product-type-simple"},"yoast_head":"<!-- This site is optimized with the Yoast SEO Premium plugin v24.9 (Yoast SEO v27.2) - https:\/\/yoast.com\/product\/yoast-seo-premium-wordpress\/ -->\n<title>Kamakura Tour | Itinerario de la excursi\u00f3n de un d\u00eda a Kamakura | Tokio Grand Tours<\/title>\n<meta name=\"description\" content=\"Descubra la cautivadora ciudad de Kamakura con nuestro recorrido totalmente privado. Explore Meigetsu-in, el templo Hokokuji, Kotoku-in, el Museo de Arte Yoh Shomei y mucho m\u00e1s.\" \/>\n<meta name=\"robots\" content=\"index, follow, max-snippet:-1, max-image-preview:large, max-video-preview:-1\" \/>\n<link rel=\"canonical\" href=\"https:\/\/tokyograndtours.com\/es\/producto\/kamakura-tour-por-grupo-recogida-en-hotel-personalizable\/\" \/>\n<meta property=\"og:locale\" content=\"es_ES\" \/>\n<meta property=\"og:type\" content=\"article\" \/>\n<meta property=\"og:title\" content=\"Kamakura Tour-Por Grupo (Recogida en Hotel) Personalizable\" \/>\n<meta property=\"og:description\" content=\"Descubra la cautivadora ciudad de Kamakura con nuestro recorrido totalmente privado. Explore Meigetsu-in, el templo Hokokuji, Kotoku-in, el Museo de Arte Yoh Shomei y mucho m\u00e1s.\" \/>\n<meta property=\"og:url\" content=\"https:\/\/tokyograndtours.com\/es\/producto\/kamakura-tour-por-grupo-recogida-en-hotel-personalizable\/\" \/>\n<meta property=\"og:site_name\" content=\"Tokyo Grand Tours\" \/>\n<meta property=\"article:publisher\" content=\"https:\/\/www.facebook.com\/TokyoGrandTours\" \/>\n<meta property=\"article:modified_time\" content=\"2024-04-19T10:50:08+00:00\" \/>\n<meta property=\"og:image\" content=\"https:\/\/tokyograndtours.com\/wp-content\/uploads\/2024\/01\/Kamakura-photo-scaled.jpg\" \/>\n\t<meta property=\"og:image:width\" content=\"2560\" \/>\n\t<meta property=\"og:image:height\" content=\"1707\" \/>\n\t<meta property=\"og:image:type\" content=\"image\/jpeg\" \/>\n<meta name=\"twitter:card\" content=\"summary_large_image\" \/>\n<meta name=\"twitter:label1\" content=\"Tiempo de lectura\" \/>\n\t<meta name=\"twitter:data1\" content=\"1 minuto\" \/>\n<!-- \/ Yoast SEO Premium plugin. -->","yoast_head_json":{"title":"Kamakura Tour | Itinerario de la excursi\u00f3n de un d\u00eda a Kamakura | Tokio Grand Tours","description":"Descubra la cautivadora ciudad de Kamakura con nuestro recorrido totalmente privado. Explore Meigetsu-in, el templo Hokokuji, Kotoku-in, el Museo de Arte Yoh Shomei y mucho m\u00e1s.","robots":{"index":"index","follow":"follow","max-snippet":"max-snippet:-1","max-image-preview":"max-image-preview:large","max-video-preview":"max-video-preview:-1"},"canonical":"https:\/\/tokyograndtours.com\/es\/producto\/kamakura-tour-por-grupo-recogida-en-hotel-personalizable\/","og_locale":"es_ES","og_type":"article","og_title":"Kamakura Tour-Por Grupo (Recogida en Hotel) Personalizable","og_description":"Descubra la cautivadora ciudad de Kamakura con nuestro recorrido totalmente privado. Explore Meigetsu-in, el templo Hokokuji, Kotoku-in, el Museo de Arte Yoh Shomei y mucho m\u00e1s.","og_url":"https:\/\/tokyograndtours.com\/es\/producto\/kamakura-tour-por-grupo-recogida-en-hotel-personalizable\/","og_site_name":"Tokyo Grand Tours","article_publisher":"https:\/\/www.facebook.com\/TokyoGrandTours","article_modified_time":"2024-04-19T10:50:08+00:00","og_image":[{"width":2560,"height":1707,"url":"https:\/\/tokyograndtours.com\/wp-content\/uploads\/2024\/01\/Kamakura-photo-scaled.jpg","type":"image\/jpeg"}],"twitter_card":"summary_large_image","twitter_misc":{"Tiempo de lectura":"1 minuto"},"schema":{"@context":"https:\/\/schema.org","@graph":[{"@type":"WebPage","@id":"https:\/\/tokyograndtours.com\/es\/producto\/kamakura-tour-por-grupo-recogida-en-hotel-personalizable\/","url":"https:\/\/tokyograndtours.com\/es\/producto\/kamakura-tour-por-grupo-recogida-en-hotel-personalizable\/","name":"Kamakura Tour | Itinerario de la excursi\u00f3n de un d\u00eda a Kamakura | Tokio Grand Tours","isPartOf":{"@id":"https:\/\/tokyograndtours.com\/#website"},"primaryImageOfPage":{"@id":"https:\/\/tokyograndtours.com\/es\/producto\/kamakura-tour-por-grupo-recogida-en-hotel-personalizable\/#primaryimage"},"image":{"@id":"https:\/\/tokyograndtours.com\/es\/producto\/kamakura-tour-por-grupo-recogida-en-hotel-personalizable\/#primaryimage"},"thumbnailUrl":"https:\/\/tokyograndtours.com\/wp-content\/uploads\/2024\/01\/Kamakura-photo-scaled.jpg","datePublished":"2024-01-22T11:08:44+00:00","dateModified":"2024-04-19T10:50:08+00:00","description":"Descubra la cautivadora ciudad de Kamakura con nuestro recorrido totalmente privado. Explore Meigetsu-in, el templo Hokokuji, Kotoku-in, el Museo de Arte Yoh Shomei y mucho m\u00e1s.","breadcrumb":{"@id":"https:\/\/tokyograndtours.com\/es\/producto\/kamakura-tour-por-grupo-recogida-en-hotel-personalizable\/#breadcrumb"},"inLanguage":"es","potentialAction":[{"@type":"ReadAction","target":["https:\/\/tokyograndtours.com\/es\/producto\/kamakura-tour-por-grupo-recogida-en-hotel-personalizable\/"]}]},{"@type":"ImageObject","inLanguage":"es","@id":"https:\/\/tokyograndtours.com\/es\/producto\/kamakura-tour-por-grupo-recogida-en-hotel-personalizable\/#primaryimage","url":"https:\/\/tokyograndtours.com\/wp-content\/uploads\/2024\/01\/Kamakura-photo-scaled.jpg","contentUrl":"https:\/\/tokyograndtours.com\/wp-content\/uploads\/2024\/01\/Kamakura-photo-scaled.jpg","width":2560,"height":1707},{"@type":"BreadcrumbList","@id":"https:\/\/tokyograndtours.com\/es\/producto\/kamakura-tour-por-grupo-recogida-en-hotel-personalizable\/#breadcrumb","itemListElement":[{"@type":"ListItem","position":1,"name":"Home","item":"https:\/\/tokyograndtours.com\/es\/"},{"@type":"ListItem","position":2,"name":"Kamakura Tour-Por Grupo (Recogida en Hotel) Personalizable"}]},{"@type":"WebSite","@id":"https:\/\/tokyograndtours.com\/#website","url":"https:\/\/tokyograndtours.com\/","name":"Tokyo Grand Tours","description":"Best Tokyo Tours | sightseeing tokyo","publisher":{"@id":"https:\/\/tokyograndtours.com\/#organization"},"potentialAction":[{"@type":"SearchAction","target":{"@type":"EntryPoint","urlTemplate":"https:\/\/tokyograndtours.com\/?s={search_term_string}"},"query-input":{"@type":"PropertyValueSpecification","valueRequired":true,"valueName":"search_term_string"}}],"inLanguage":"es"},{"@type":"Organization","@id":"https:\/\/tokyograndtours.com\/#organization","name":"Tokyo Grand Tours","url":"https:\/\/tokyograndtours.com\/","logo":{"@type":"ImageObject","inLanguage":"es","@id":"https:\/\/tokyograndtours.com\/#\/schema\/logo\/image\/","url":"https:\/\/tokyograndtours.com\/wp-content\/uploads\/2017\/08\/logo.png","contentUrl":"https:\/\/tokyograndtours.com\/wp-content\/uploads\/2017\/08\/logo.png","width":376,"height":232,"caption":"Tokyo Grand Tours"},"image":{"@id":"https:\/\/tokyograndtours.com\/#\/schema\/logo\/image\/"},"sameAs":["https:\/\/www.facebook.com\/TokyoGrandTours","https:\/\/www.instagram.com\/tokyograndtours"]}]}},"_links":{"self":[{"href":"https:\/\/tokyograndtours.com\/es\/wp-json\/wp\/v2\/product\/28990","targetHints":{"allow":["GET"]}}],"collection":[{"href":"https:\/\/tokyograndtours.com\/es\/wp-json\/wp\/v2\/product"}],"about":[{"href":"https:\/\/tokyograndtours.com\/es\/wp-json\/wp\/v2\/types\/product"}],"wp:featuredmedia":[{"embeddable":true,"href":"https:\/\/tokyograndtours.com\/es\/wp-json\/wp\/v2\/media\/28991"}],"wp:attachment":[{"href":"https:\/\/tokyograndtours.com\/es\/wp-json\/wp\/v2\/media?parent=28990"}],"wp:term":[{"taxonomy":"product_brand","embeddable":true,"href":"https:\/\/tokyograndtours.com\/es\/wp-json\/wp\/v2\/product_brand?post=28990"},{"taxonomy":"product_cat","embeddable":true,"href":"https:\/\/tokyograndtours.com\/es\/wp-json\/wp\/v2\/product_cat?post=28990"},{"taxonomy":"product_tag","embeddable":true,"href":"https:\/\/tokyograndtours.com\/es\/wp-json\/wp\/v2\/product_tag?post=28990"}],"curies":[{"name":"wp","href":"https:\/\/api.w.org\/{rel}","templated":true}]}}