{"id":28949,"date":"2017-09-11T15:02:55","date_gmt":"2017-09-11T15:02:55","guid":{"rendered":"https:\/\/tokyograndtours.com\/contactos\/"},"modified":"2024-04-17T17:35:58","modified_gmt":"2024-04-17T17:35:58","slug":"contactos","status":"publish","type":"page","link":"https:\/\/tokyograndtours.com\/es\/contactos\/","title":{"rendered":"Contactos"},"content":{"rendered":"<section class=\"wpb-content-wrapper\"><p>[vc_row][vc_column][vc_empty_space height=&#8221;5em&#8221; alter_height=&#8221;none&#8221; hide_on_desktop=&#8221;&#8221; hide_on_notebook=&#8221;&#8221; hide_on_tablet=&#8221;&#8221; hide_on_mobile=&#8221;&#8221;][vc_empty_space height=&#8221;1.7em&#8221; alter_height=&#8221;none&#8221; hide_on_desktop=&#8221;&#8221; hide_on_notebook=&#8221;&#8221; hide_on_tablet=&#8221;1&#8243; hide_on_mobile=&#8221;1&#8243;][\/vc_column][\/vc_row][vc_row][vc_column width=&#8221;1\/3&#8243;][vc_empty_space height=&#8221;2em&#8221; alter_height=&#8221;none&#8221; hide_on_desktop=&#8221;1&#8243; hide_on_notebook=&#8221;1&#8243; hide_on_tablet=&#8221;1&#8243; hide_on_mobile=&#8221;&#8221;][vc_icon icon_fontawesome=&#8221;icon-location-1&#8243; color=&#8221;custom&#8221; size=&#8221;xl&#8221; align=&#8221;center&#8221; custom_color=&#8221;#396fe0&#8243;][vc_custom_heading text=&#8221;Direcci\u00f3n:&#8221; font_container=&#8221;tag:h4|text_align:center&#8221; use_theme_fonts=&#8221;yes&#8221; css=&#8221;.vc_custom_1506956784496{margin-top: 0px !important;margin-bottom: 0px !important;}&#8221;][vc_empty_space height=&#8221;1em&#8221; alter_height=&#8221;none&#8221; hide_on_desktop=&#8221;&#8221; hide_on_notebook=&#8221;&#8221; hide_on_tablet=&#8221;&#8221; hide_on_mobile=&#8221;&#8221;][vc_column_text]<\/p>\n<p style=\"text-align: center;\">Tokio, Jap\u00f3n<\/p>\n<p>[\/vc_column_text][\/vc_column][vc_column width=&#8221;1\/3&#8243;][vc_icon icon_fontawesome=&#8221;icon-email-1&#8243; color=&#8221;custom&#8221; size=&#8221;xl&#8221; align=&#8221;center&#8221; custom_color=&#8221;#396fe0&#8243;][vc_custom_heading text=&#8221;Correo electr\u00f3nico:&#8221; font_container=&#8221;tag:h4|text_align:center&#8221; use_theme_fonts=&#8221;yes&#8221; css=&#8221;.vc_custom_1506956764095{margin-top: 0px !important;margin-bottom: 0px !important;}&#8221;][vc_empty_space height=&#8221;1em&#8221; alter_height=&#8221;none&#8221; hide_on_desktop=&#8221;&#8221; hide_on_notebook=&#8221;&#8221; hide_on_tablet=&#8221;&#8221; hide_on_mobile=&#8221;&#8221;][vc_column_text]<\/p>\n<p style=\"text-align: center;\"><a href=\"mailto:tour.planner@tokyograndtours.com\">tour.planner@tokyograndtours.com<\/a><\/p>\n<p>[\/vc_column_text][\/vc_column][vc_column width=&#8221;1\/3&#8243;][vc_empty_space height=&#8221;2em&#8221; alter_height=&#8221;none&#8221; hide_on_desktop=&#8221;1&#8243; hide_on_notebook=&#8221;1&#8243; hide_on_tablet=&#8221;1&#8243; hide_on_mobile=&#8221;&#8221;][vc_icon icon_fontawesome=&#8221;icon-smartphone&#8221; color=&#8221;custom&#8221; size=&#8221;xl&#8221; align=&#8221;center&#8221; custom_color=&#8221;#396fe0&#8243;][vc_custom_heading text=&#8221;Tel\u00e9fono:&#8221; font_container=&#8221;tag:h4|text_align:center&#8221; use_theme_fonts=&#8221;yes&#8221; css=&#8221;.vc_custom_1506956793434{margin-top: 0px !important;margin-bottom: 0px !important;}&#8221;][vc_empty_space height=&#8221;1em&#8221; alter_height=&#8221;none&#8221; hide_on_desktop=&#8221;&#8221; hide_on_notebook=&#8221;&#8221; hide_on_tablet=&#8221;&#8221; hide_on_mobile=&#8221;&#8221;][vc_column_text]<\/p>\n<p style=\"text-align: center;\"><a href=\"tel:+8180-6803-0415\">+8180-20034147<\/a><\/p>\n<p>[\/vc_column_text][\/vc_column][\/vc_row][vc_row][vc_column][vc_empty_space height=&#8221;1em&#8221; alter_height=&#8221;none&#8221; hide_on_desktop=&#8221;&#8221; hide_on_notebook=&#8221;&#8221; hide_on_tablet=&#8221;&#8221; hide_on_mobile=&#8221;&#8221;][vc_empty_space height=&#8221;4em&#8221; alter_height=&#8221;none&#8221; hide_on_desktop=&#8221;1&#8243; hide_on_notebook=&#8221;1&#8243; hide_on_tablet=&#8221;1&#8243; hide_on_mobile=&#8221;&#8221;][vc_separator][vc_empty_space height=&#8221;4em&#8221; alter_height=&#8221;none&#8221; hide_on_desktop=&#8221;1&#8243; hide_on_notebook=&#8221;1&#8243; hide_on_tablet=&#8221;1&#8243; hide_on_mobile=&#8221;&#8221;][vc_empty_space height=&#8221;1em&#8221; alter_height=&#8221;none&#8221; hide_on_desktop=&#8221;&#8221; hide_on_notebook=&#8221;&#8221; hide_on_tablet=&#8221;&#8221; hide_on_mobile=&#8221;&#8221;][vc_empty_space height=&#8221;0.5em&#8221; alter_height=&#8221;none&#8221; hide_on_desktop=&#8221;&#8221; hide_on_notebook=&#8221;&#8221; hide_on_tablet=&#8221;1&#8243; hide_on_mobile=&#8221;1&#8243;][\/vc_column][\/vc_row][vc_row][vc_column width=&#8221;5\/12&#8243;]<div id=\"sc_googlemap_12215694_wrap\" class=\"sc_googlemap_wrap\"><div id=\"sc_googlemap_12215694\"\n\t\t\tclass=\"sc_googlemap sc_googlemap_default\"\n\t\t\t style=\"width:100%;height:436px;\"\t\t\tdata-zoom=\"13\"\n\t\t\tdata-style=\"dark\"\n\t\t\tdata-cluster-icon=\"\"\n        ><iframe\n                    src=\"https:\/\/maps.google.com\/maps?t=m&output=embed&iwloc=near&z=13&q=Tokyo%2C+Japan\"\n                    scrolling=\"no\"\n                    marginheight=\"0\"\n                    marginwidth=\"0\"\n                    frameborder=\"0\"\n                    aria-label=\"\"><\/iframe><\/div><\/div><!-- \/.sc_googlemap_wrap -->[\/vc_column][vc_column width=&#8221;7\/12&#8243;][vc_empty_space height=&#8221;4em&#8221; alter_height=&#8221;none&#8221; hide_on_desktop=&#8221;1&#8243; hide_on_notebook=&#8221;1&#8243; hide_on_tablet=&#8221;1&#8243; hide_on_mobile=&#8221;&#8221;]<div\n\t id=\"sc_form_1703777939\"\tclass=\"sc_form color_style_default sc_form_default\">\n\t<h2 class=\"sc_item_title sc_form_title sc_align_left sc_item_title_style_default sc_item_title_tag\">Enviar mensaje<\/h2><form class=\"sc_form_form \" method=\"post\" action=\"https:\/\/tokyograndtours.com\/wp-admin\/admin-ajax.php\">\t<div class=\"sc_form_details trx_addons_columns_wrap\"><div class=\"trx_addons_column-1_2\"><label class=\"sc_form_field sc_form_field_name sc_form_field_text required\"><span class=\"sc_form_field_title\">Name<\/span><span class=\"sc_form_field_wrap\"><input type=\"text\" \n\t\t\t\t\tname=\"name\"\n\t\t\t\t\tid=\"name_358871552\"\n\t\t\t\t\tvalue=\"\" aria-required=\"true\" placeholder=\"Your name\"><\/span><\/label><\/div><div class=\"trx_addons_column-1_2\"><label class=\"sc_form_field sc_form_field_email sc_form_field_text required\"><span class=\"sc_form_field_title\">E-mail<\/span><span class=\"sc_form_field_wrap\"><input type=\"text\" \n\t\t\t\t\tname=\"email\"\n\t\t\t\t\tid=\"email_1071714442\"\n\t\t\t\t\tvalue=\"\" aria-required=\"true\" placeholder=\"Your e-mail\"><\/span><\/label><\/div><\/div><label class=\"sc_form_field sc_form_field_message sc_form_field_textarea required\"><span class=\"sc_form_field_title\">Message<\/span><span class=\"sc_form_field_wrap\"><textarea\n\t\t\t\tname=\"message\"\n\t\t\t\tid=\"message_523364104\" aria-required=\"true\" placeholder=\"Your message\"><\/textarea><\/span><\/label><div class=\"sc_form_field sc_form_field_checkbox\"><input type=\"checkbox\" id=\"i_agree_privacy_policy_sc_form_1\" name=\"i_agree_privacy_policy\" class=\"sc_form_privacy_checkbox\" value=\"1\">\n            <label for=\"i_agree_privacy_policy_sc_form_1\">I agree that my submitted data is being collected and stored. For further details on handling user data, see our <a href=\"\" target=\"_blank\">Privacy Policy<\/a><\/label>\n            <\/div><div class=\"sc_form_field sc_form_field_button sc_form_field_submit\"><button class=\"\" disabled=\"disabled\">Send Message<\/button>\n        <\/div>\n        <div class=\"trx_addons_message_box sc_form_result\"><\/div>\n        <\/form><\/div><!-- \/.sc_form -->[\/vc_column][\/vc_row][vc_row][vc_column][vc_empty_space height=&#8221;3em&#8221; alter_height=&#8221;none&#8221; hide_on_desktop=&#8221;&#8221; hide_on_notebook=&#8221;&#8221; hide_on_tablet=&#8221;&#8221; hide_on_mobile=&#8221;&#8221;][vc_empty_space height=&#8221;7.2em&#8221; alter_height=&#8221;none&#8221; hide_on_desktop=&#8221;&#8221; hide_on_notebook=&#8221;&#8221; hide_on_tablet=&#8221;1&#8243; hide_on_mobile=&#8221;1&#8243;][\/vc_column][\/vc_row]<\/p>\n<\/section>","protected":false},"excerpt":{"rendered":"<p>[vc_row][vc_column][vc_empty_space height=&#8221;5em&#8221; alter_height=&#8221;none&#8221; hide_on_desktop=&#8221;&#8221; hide_on_notebook=&#8221;&#8221; hide_on_tablet=&#8221;&#8221; hide_on_mobile=&#8221;&#8221;][vc_empty_space height=&#8221;1.7em&#8221; alter_height=&#8221;none&#8221; hide_on_desktop=&#8221;&#8221; hide_on_notebook=&#8221;&#8221; hide_on_tablet=&#8221;1&#8243; hide_on_mobile=&#8221;1&#8243;][\/vc_column][\/vc_row][vc_row][vc_column width=&#8221;1\/3&#8243;][vc_empty_space height=&#8221;2em&#8221; alter_height=&#8221;none&#8221; hide_on_desktop=&#8221;1&#8243; hide_on_notebook=&#8221;1&#8243; hide_on_tablet=&#8221;1&#8243; hide_on_mobile=&#8221;&#8221;][vc_icon icon_fontawesome=&#8221;icon-location-1&#8243; color=&#8221;custom&#8221; size=&#8221;xl&#8221; align=&#8221;center&#8221; custom_color=&#8221;#396fe0&#8243;][vc_custom_heading text=&#8221;Direcci\u00f3n:&#8221; font_container=&#8221;tag:h4|text_align:center&#8221; use_theme_fonts=&#8221;yes&#8221; css=&#8221;.vc_custom_1506956784496{margin-top: 0px !important;margin-bottom: 0px !important;}&#8221;][vc_empty_space height=&#8221;1em&#8221; alter_height=&#8221;none&#8221; hide_on_desktop=&#8221;&#8221; hide_on_notebook=&#8221;&#8221; hide_on_tablet=&#8221;&#8221; hide_on_mobile=&#8221;&#8221;][vc_column_text] Tokio,&hellip;<\/p>\n","protected":false},"author":1,"featured_media":0,"parent":0,"menu_order":0,"comment_status":"closed","ping_status":"closed","template":"","meta":{"footnotes":""},"class_list":["post-28949","page","type-page","status-publish","hentry"],"yoast_head":"<!-- This site is optimized with the Yoast SEO Premium plugin v24.9 (Yoast SEO v27.2) - https:\/\/yoast.com\/product\/yoast-seo-premium-wordpress\/ -->\n<title>P\u00f3ngase en contacto con nosotros para paquetes tur\u00edsticos privados en Tokio<\/title>\n<meta name=\"description\" content=\"Descubra la belleza de Tokio con nuestros exclusivos paquetes tur\u00edsticos privados. P\u00f3ngase en contacto con nosotros en tour.planner@tokyograndtours.com o llame al +8180-20034147. \u00a1Reserve ahora!\" \/>\n<meta name=\"robots\" content=\"index, follow, max-snippet:-1, max-image-preview:large, max-video-preview:-1\" \/>\n<link rel=\"canonical\" href=\"https:\/\/tokyograndtours.com\/es\/contactos\/\" \/>\n<meta property=\"og:locale\" content=\"es_ES\" \/>\n<meta property=\"og:type\" content=\"article\" \/>\n<meta property=\"og:title\" content=\"Contactos\" \/>\n<meta property=\"og:description\" content=\"Descubra la belleza de Tokio con nuestros exclusivos paquetes tur\u00edsticos privados. P\u00f3ngase en contacto con nosotros en tour.planner@tokyograndtours.com o llame al +8180-20034147. \u00a1Reserve ahora!\" \/>\n<meta property=\"og:url\" content=\"https:\/\/tokyograndtours.com\/es\/contactos\/\" \/>\n<meta property=\"og:site_name\" content=\"Tokyo Grand Tours\" \/>\n<meta property=\"article:publisher\" content=\"https:\/\/www.facebook.com\/TokyoGrandTours\" \/>\n<meta property=\"article:modified_time\" content=\"2024-04-17T17:35:58+00:00\" \/>\n<meta name=\"twitter:card\" content=\"summary_large_image\" \/>\n<meta name=\"twitter:label1\" content=\"Tiempo de lectura\" \/>\n\t<meta name=\"twitter:data1\" content=\"3 minutos\" \/>\n<!-- \/ Yoast SEO Premium plugin. -->","yoast_head_json":{"title":"P\u00f3ngase en contacto con nosotros para paquetes tur\u00edsticos privados en Tokio","description":"Descubra la belleza de Tokio con nuestros exclusivos paquetes tur\u00edsticos privados. P\u00f3ngase en contacto con nosotros en tour.planner@tokyograndtours.com o llame al +8180-20034147. \u00a1Reserve ahora!","robots":{"index":"index","follow":"follow","max-snippet":"max-snippet:-1","max-image-preview":"max-image-preview:large","max-video-preview":"max-video-preview:-1"},"canonical":"https:\/\/tokyograndtours.com\/es\/contactos\/","og_locale":"es_ES","og_type":"article","og_title":"Contactos","og_description":"Descubra la belleza de Tokio con nuestros exclusivos paquetes tur\u00edsticos privados. P\u00f3ngase en contacto con nosotros en tour.planner@tokyograndtours.com o llame al +8180-20034147. \u00a1Reserve ahora!","og_url":"https:\/\/tokyograndtours.com\/es\/contactos\/","og_site_name":"Tokyo Grand Tours","article_publisher":"https:\/\/www.facebook.com\/TokyoGrandTours","article_modified_time":"2024-04-17T17:35:58+00:00","twitter_card":"summary_large_image","twitter_misc":{"Tiempo de lectura":"3 minutos"},"schema":{"@context":"https:\/\/schema.org","@graph":[{"@type":"WebPage","@id":"https:\/\/tokyograndtours.com\/es\/contactos\/","url":"https:\/\/tokyograndtours.com\/es\/contactos\/","name":"P\u00f3ngase en contacto con nosotros para paquetes tur\u00edsticos privados en Tokio","isPartOf":{"@id":"https:\/\/tokyograndtours.com\/#website"},"datePublished":"2017-09-11T15:02:55+00:00","dateModified":"2024-04-17T17:35:58+00:00","description":"Descubra la belleza de Tokio con nuestros exclusivos paquetes tur\u00edsticos privados. P\u00f3ngase en contacto con nosotros en tour.planner@tokyograndtours.com o llame al +8180-20034147. \u00a1Reserve ahora!","breadcrumb":{"@id":"https:\/\/tokyograndtours.com\/es\/contactos\/#breadcrumb"},"inLanguage":"es","potentialAction":[{"@type":"ReadAction","target":["https:\/\/tokyograndtours.com\/es\/contactos\/"]}]},{"@type":"BreadcrumbList","@id":"https:\/\/tokyograndtours.com\/es\/contactos\/#breadcrumb","itemListElement":[{"@type":"ListItem","position":1,"name":"Home","item":"https:\/\/tokyograndtours.com\/es\/"},{"@type":"ListItem","position":2,"name":"Contactos"}]},{"@type":"WebSite","@id":"https:\/\/tokyograndtours.com\/#website","url":"https:\/\/tokyograndtours.com\/","name":"Tokyo Grand Tours","description":"Best Tokyo Tours | sightseeing tokyo","publisher":{"@id":"https:\/\/tokyograndtours.com\/#organization"},"potentialAction":[{"@type":"SearchAction","target":{"@type":"EntryPoint","urlTemplate":"https:\/\/tokyograndtours.com\/?s={search_term_string}"},"query-input":{"@type":"PropertyValueSpecification","valueRequired":true,"valueName":"search_term_string"}}],"inLanguage":"es"},{"@type":"Organization","@id":"https:\/\/tokyograndtours.com\/#organization","name":"Tokyo Grand Tours","url":"https:\/\/tokyograndtours.com\/","logo":{"@type":"ImageObject","inLanguage":"es","@id":"https:\/\/tokyograndtours.com\/#\/schema\/logo\/image\/","url":"https:\/\/tokyograndtours.com\/wp-content\/uploads\/2017\/08\/logo.png","contentUrl":"https:\/\/tokyograndtours.com\/wp-content\/uploads\/2017\/08\/logo.png","width":376,"height":232,"caption":"Tokyo Grand Tours"},"image":{"@id":"https:\/\/tokyograndtours.com\/#\/schema\/logo\/image\/"},"sameAs":["https:\/\/www.facebook.com\/TokyoGrandTours","https:\/\/www.instagram.com\/tokyograndtours"]}]}},"_links":{"self":[{"href":"https:\/\/tokyograndtours.com\/es\/wp-json\/wp\/v2\/pages\/28949","targetHints":{"allow":["GET"]}}],"collection":[{"href":"https:\/\/tokyograndtours.com\/es\/wp-json\/wp\/v2\/pages"}],"about":[{"href":"https:\/\/tokyograndtours.com\/es\/wp-json\/wp\/v2\/types\/page"}],"author":[{"embeddable":true,"href":"https:\/\/tokyograndtours.com\/es\/wp-json\/wp\/v2\/users\/1"}],"replies":[{"embeddable":true,"href":"https:\/\/tokyograndtours.com\/es\/wp-json\/wp\/v2\/comments?post=28949"}],"version-history":[{"count":2,"href":"https:\/\/tokyograndtours.com\/es\/wp-json\/wp\/v2\/pages\/28949\/revisions"}],"predecessor-version":[{"id":28951,"href":"https:\/\/tokyograndtours.com\/es\/wp-json\/wp\/v2\/pages\/28949\/revisions\/28951"}],"wp:attachment":[{"href":"https:\/\/tokyograndtours.com\/es\/wp-json\/wp\/v2\/media?parent=28949"}],"curies":[{"name":"wp","href":"https:\/\/api.w.org\/{rel}","templated":true}]}}